
{"id":4782,"date":"2023-12-13T19:39:08","date_gmt":"2023-12-13T18:39:08","guid":{"rendered":"https:\/\/organexia.com\/panier\/"},"modified":"2025-02-07T21:55:40","modified_gmt":"2025-02-07T20:55:40","slug":"panier","status":"publish","type":"page","link":"https:\/\/organexia.com\/fr\/panier\/","title":{"rendered":"Panier"},"content":{"rendered":"\t\t<div data-elementor-type=\"wp-page\" data-elementor-id=\"4782\" class=\"elementor elementor-4782 elementor-2038\" data-elementor-post-type=\"page\">\n\t\t\t\t<div data-particle_enable=\"false\" data-particle-mobile-disabled=\"false\" class=\"elementor-element elementor-element-e183244 e-flex e-con-boxed e-con e-parent\" data-id=\"e183244\" data-element_type=\"container\">\n\t\t\t\t\t<div class=\"e-con-inner\">\n\t\t<div data-particle_enable=\"false\" data-particle-mobile-disabled=\"false\" class=\"elementor-element elementor-element-c63dd19 e-con-full e-flex e-con e-child\" data-id=\"c63dd19\" data-element_type=\"container\">\n\t\t<div data-particle_enable=\"false\" data-particle-mobile-disabled=\"false\" class=\"elementor-element elementor-element-e8ce3b5 e-con-full e-flex e-con e-child\" data-id=\"e8ce3b5\" data-element_type=\"container\">\n\t\t\t\t<div class=\"elementor-element elementor-element-6dcb152 elementor-widget elementor-widget-eael-woo-cart\" data-id=\"6dcb152\" data-element_type=\"widget\" data-settings=\"{&quot;eael_woo_cart_components_continue_shopping_icon&quot;:{&quot;value&quot;:&quot;rhicon rhi-star-full&quot;,&quot;library&quot;:&quot;rhicons&quot;}}\" data-widget_type=\"eael-woo-cart.default\">\n\t\t\t\t<div class=\"elementor-widget-container\">\n\t\t\t\t\t\t\t\t\t<div class=\"eael-woo-cart-wrapper eael-woo-cart-empty eael-woo-default eael-auto-update33\">\n\t\t\t\t<div class=\"woocommerce-notices-wrapper\"><\/div><div class=\"wc-empty-cart-message\">\n\t<div class=\"cart-empty woocommerce-info\" role=\"status\">\n\t\tVous n&#039;avez s\u00e9lectionn\u00e9 aucun service\t<\/div>\n<\/div>\t<p class=\"return-to-shop\">\n\t\t<a class=\"button wc-backward\" href=\"https:\/\/organexia.com\/marketplace\/\">\n\t\t\tRetour \u00e0 la boutique\t\t<\/a>\n\t<\/p>\n                <\/div>\n\t\t\t\t        <script>document.body.classList.add(\"eael-woo-cart\");<\/script>\n\t\t\t\t\t\t<\/div>\n\t\t\t\t<\/div>\n\t\t\t\t<div class=\"elementor-element elementor-element-6a9b1e0 elementor-widget elementor-widget-text-editor\" data-id=\"6a9b1e0\" data-element_type=\"widget\" data-widget_type=\"text-editor.default\">\n\t\t\t\t<div class=\"elementor-widget-container\">\n\t\t\t\t\t\t\t\t\tPour <em>votre<\/em> <em>s\u00e9curit\u00e9<\/em> et <em>votre tranquillit\u00e9 d&#8217;esprit<\/em>, nous <strong>encourageons fortement que toutes les transactions et communications soient effectu\u00e9es via la plateforme Organexia<\/strong>. Cela garantit que <em>votre paiement est prot\u00e9g\u00e9<\/em>, et nos <a href=\"https:\/\/organexia.com\/gtcus\/\" target=\"_blank\" rel=\"noopener\">politiques<\/a> compl\u00e8tes sont en place pour assurer une exp\u00e9rience fluide et s\u00e9curis\u00e9e tant pour nos pr\u00e9cieux partenaires que pour nos utilisateurs.\t\t\t\t\t\t\t\t<\/div>\n\t\t\t\t<\/div>\n\t\t\t\t<\/div>\n\t\t\t\t<\/div>\n\t\t\t\t\t<\/div>\n\t\t\t\t<\/div>\n\t\t\t\t<\/div>\n\t\t","protected":false},"excerpt":{"rendered":"<p>Service Quantit\u00e9 Prix de la r\u00e9servation Total Pack Avanc\u00e9: Vid\u00e9o Full HD Illimit\u00e9, une vid\u00e9o &#8220;Best Of&#8221; et Album 200 Photos 13&#215;18 Equipements Premium: Drone (+ 1 500&nbsp;Dh) Ecrans 55 pouces: 2 Date 2\u00e8me jour: 26012025 Date de r\u00e9servation: 12\/02\/2025 Type de r\u00e9servation: Cam\u00e9ra Video HD &#8211; Dfouf Prestataire de service: Labo Studio Rachid Dfouf [&hellip;]<\/p>\n","protected":false},"author":1,"featured_media":0,"parent":0,"menu_order":0,"comment_status":"closed","ping_status":"closed","template":"elementor_header_footer","meta":{"_acf_changed":false,"footnotes":""},"class_list":["post-4782","page","type-page","status-publish","hentry"],"acf":[],"_links":{"self":[{"href":"https:\/\/organexia.com\/fr\/wp-json\/wp\/v2\/pages\/4782","targetHints":{"allow":["GET"]}}],"collection":[{"href":"https:\/\/organexia.com\/fr\/wp-json\/wp\/v2\/pages"}],"about":[{"href":"https:\/\/organexia.com\/fr\/wp-json\/wp\/v2\/types\/page"}],"author":[{"embeddable":true,"href":"https:\/\/organexia.com\/fr\/wp-json\/wp\/v2\/users\/1"}],"replies":[{"embeddable":true,"href":"https:\/\/organexia.com\/fr\/wp-json\/wp\/v2\/comments?post=4782"}],"version-history":[{"count":3,"href":"https:\/\/organexia.com\/fr\/wp-json\/wp\/v2\/pages\/4782\/revisions"}],"predecessor-version":[{"id":10123,"href":"https:\/\/organexia.com\/fr\/wp-json\/wp\/v2\/pages\/4782\/revisions\/10123"}],"wp:attachment":[{"href":"https:\/\/organexia.com\/fr\/wp-json\/wp\/v2\/media?parent=4782"}],"curies":[{"name":"wp","href":"https:\/\/api.w.org\/{rel}","templated":true}]}}