
{"id":5253,"date":"2021-06-10T03:34:53","date_gmt":"2021-06-10T02:34:53","guid":{"rendered":"https:\/\/organexia.com\/privacy-policy\/"},"modified":"2025-05-09T17:22:02","modified_gmt":"2025-05-09T16:22:02","slug":"privacy-policy","status":"publish","type":"page","link":"https:\/\/organexia.com\/fr\/privacy-policy\/","title":{"rendered":"Politique de confidentialit\u00e9"},"content":{"rendered":"\n<p class=\"has-red-color has-text-color has-link-color has-medium-font-size wp-elements-6b8343959ce03aca9ca5ccba2d68198e\" style=\"font-style:normal;font-weight:600\"><strong><em>Attention<\/em><\/strong>: <br>veuillez faire d\u00e9filer vers le bas pour lire la Politique de Confidentialit\u00e9, puis cliquez sur accepter pour l&#8217;accepter.<\/p>\n\n\n\n<p><strong>\n<div class=\"ct-ultimate-gdpr-container container\">\n\t\n        <button id=\"ct-ultimate-gdpr-policy-accept\" class=\"ct-ultimate-gdpr-button  \"\n\t\t\t>\n\t\t\tAccepter        <\/button>\n\n\t<\/div><\/strong><\/p>\n\n\n\n<h2 class=\"wp-block-heading\"><strong>Introduction<\/strong><\/h2>\n\n\n\n<p>Organexia s&#8217;engage \u00e0 prot\u00e9ger la vie priv\u00e9e de ses utilisateurs. Cette Politique de Confidentialit\u00e9 d\u00e9crit comment nous collectons, utilisons et prot\u00e9geons vos donn\u00e9es personnelles, en garantissant la conformit\u00e9 avec le RGPD et les lois marocaines sur la protection des donn\u00e9es, ainsi que les r\u00e8glements \u00e9tablis par la \u00ab Commission Nationale de Contr\u00f4le des Donn\u00e9es \u00e0 Caract\u00e8re Personnel \u00bb (CNDP). <\/p>\n\n\n\n<h2 class=\"wp-block-heading\"><strong>Collecte de Donn\u00e9es<\/strong><\/h2>\n\n\n\n<p><strong>Collecte de Donn\u00e9es<\/strong><\/p>\n\n\n\n<p><strong>Types de Donn\u00e9es Collect\u00e9es:<\/strong><\/p>\n\n\n\n<ul class=\"wp-block-list\">\n<li><strong>Informations Personnelles:<\/strong> Nom, adresse e-mail, coordonn\u00e9es, documents de v\u00e9rification d&#8217;identit\u00e9 (KYC\/KYB).<\/li>\n\n\n\n<li><strong>Donn\u00e9es d&#8217;Utilisation:<\/strong> Informations sur la fa\u00e7on dont vous utilisez nos services.<\/li>\n\n\n\n<li><strong>Informations sur l&#8217;Appareil:<\/strong> Adresse IP, type de navigateur, syst\u00e8me d&#8217;exploitation.<\/li>\n\n\n\n<li><strong>Donn\u00e9es de Commentaires<\/strong>: Donn\u00e9es affich\u00e9es dans le formulaire de commentaires, adresse IP du visiteur, et cha\u00eene de l&#8217;agent utilisateur du navigateur pour la d\u00e9tection des spams.<\/li>\n<\/ul>\n\n\n\n<p><strong>M\u00e9thodes de Collecte de Donn\u00e9es:<\/strong><\/p>\n\n\n\n<ul class=\"wp-block-list\">\n<li><strong>Directement des Utilisateurs:<\/strong> Lorsqu&#8217;ils cr\u00e9ent un compte ou utilisent nos services.<\/li>\n\n\n\n<li><strong>Automatiquement:<\/strong> Par le biais de cookies et de technologies de suivi.<\/li>\n<\/ul>\n\n\n\n<p><strong>Finalit\u00e9 du Traitement des Donn\u00e9es<\/strong><\/p>\n\n\n\n<ul class=\"wp-block-list\">\n<li>G\u00e9rer l&#8217;acc\u00e8s et les actions des Membres aux Services propos\u00e9s.<\/li>\n\n\n\n<li>Am\u00e9liorer et personnaliser ces Services et les relations avec les clients.<\/li>\n\n\n\n<li>Assurer la conformit\u00e9 aux obligations l\u00e9gales et r\u00e9glementaires.<\/li>\n\n\n\n<li>\u00c9tablir des statistiques, mesures d&#8217;audience et \u00e9tudes de march\u00e9.<\/li>\n\n\n\n<li>Am\u00e9liorer l&#8217;exp\u00e9rience utilisateur en personnalisant le contenu et les recommandations.<\/li>\n<\/ul>\n\n\n\n<h2 class=\"wp-block-heading\"><strong>Partage des Donn\u00e9es<\/strong><\/h2>\n\n\n\n<p><strong>Avec Qui les Donn\u00e9es Sont-elles Partag\u00e9es ?<\/strong><\/p>\n\n\n\n<ul class=\"wp-block-list\">\n<li><strong>Partenaires:<\/strong> Pour faciliter la fourniture des Services.<\/li>\n\n\n\n<li><strong>Services Tiers:<\/strong> Pour le traitement des paiements, la pr\u00e9vention de la fraude, le marketing, l&#8217;analyse et l&#8217;engagement sur les r\u00e9seaux sociaux. Les donn\u00e9es ne sont partag\u00e9es qu&#8217;avec des partenaires qui adh\u00e8rent \u00e0 des normes similaires de protection de la vie priv\u00e9e et des donn\u00e9es. <\/li>\n\n\n\n<li><strong>Service Gravatar:<\/strong> Une cha\u00eene anonymis\u00e9e cr\u00e9\u00e9e \u00e0 partir de votre adresse e-mail (un hash) peut \u00eatre fournie au service Gravatar pour voir si vous l&#8217;utilisez. La politique de confidentialit\u00e9 du service Gravatar est disponible ici : https:\/\/automattic.com\/privacy\/ <\/li>\n<\/ul>\n\n\n\n<p><strong>Services Tiers Sp\u00e9cifiques<\/strong><\/p>\n\n\n\n<ul class=\"wp-block-list\">\n<li><strong>Google Site Kit:<\/strong> Collecte des donn\u00e9es d&#8217;utilisation pour l&#8217;analyse et l&#8217;optimisation.<\/li>\n\n\n\n<li><strong>MonsterInsights:<\/strong> Fournit des analyses d\u00e9taill\u00e9es sur les interactions des utilisateurs.<\/li>\n\n\n\n<li><strong>Rank Math SEO:<\/strong> Collecte des donn\u00e9es pour am\u00e9liorer les strat\u00e9gies de SEO.<\/li>\n\n\n\n<li><strong>Meta (Facebook):<\/strong> Pour le marketing sur les r\u00e9seaux sociaux et l&#8217;engagement des utilisateurs.<\/li>\n\n\n\n<li><strong>Google:<\/strong> Pour diverses analyses et fins marketing.<\/li>\n\n\n\n<li><strong>X (Twitter):<\/strong> Pour l&#8217;engagement et le marketing sur les r\u00e9seaux sociaux.<\/li>\n<\/ul>\n\n\n\n<p><strong>Conditions de Partage des Donn\u00e9es<\/strong><\/p>\n\n\n\n<ul class=\"wp-block-list\">\n<li><strong>Consentement Explicite:<\/strong> Le consentement explicite des utilisateurs est obtenu au moment de l&#8217;inscription pour les communications marketing et le partage de donn\u00e9es.<\/li>\n\n\n\n<li><strong>Obligations L\u00e9gales:<\/strong> Partage des donn\u00e9es requis par la loi.<\/li>\n<\/ul>\n\n\n\n<h2 class=\"wp-block-heading\"><strong>Droits des Utilisateurs<\/strong><\/h2>\n\n\n\n<p><strong>Droits Selon le RGPD<\/strong><\/p>\n\n\n\n<ul class=\"wp-block-list\">\n<li><strong>Acc\u00e8s:<\/strong> Droit de savoir quelles donn\u00e9es nous d\u00e9tenons \u00e0 votre sujet.<\/li>\n\n\n\n<li><strong>Rectification:<\/strong> Droit de corriger les donn\u00e9es inexactes.<\/li>\n\n\n\n<li><strong>Effacement:<\/strong> Droit de demander la suppression de vos donn\u00e9es.<\/li>\n\n\n\n<li><strong>Restriction:<\/strong> Droit de limiter la fa\u00e7on dont nous traitons vos donn\u00e9es.<\/li>\n\n\n\n<li><strong>Portabilit\u00e9 des Donn\u00e9es:<\/strong> Droit de recevoir vos donn\u00e9es dans un format lisible par machine.<\/li>\n\n\n\n<li><strong>Opposition:<\/strong> Droit de s&#8217;opposer au traitement des donn\u00e9es \u00e0 des fins de marketing.<\/li>\n<\/ul>\n\n\n\n<p><strong>Note<\/strong>: Tous les utilisateurs peuvent voir, \u00e9diter ou supprimer leurs informations personnelles \u00e0 tout moment (sauf qu&#8217;ils ne peuvent pas changer leur nom d&#8217;utilisateur). Les administrateurs du site peuvent \u00e9galement voir et \u00e9diter ces informations. <\/p>\n\n\n\n<p>Les utilisateurs peuvent exercer leurs droits via leurs param\u00e8tres de compte ici : https:\/\/organexia.com\/privacy-and-data-management\/ <\/p>\n\n\n\n<h2 class=\"wp-block-heading\"><strong>S\u00e9curit\u00e9 des Donn\u00e9es<\/strong><\/h2>\n\n\n\n<p><strong>Mesures Prises pour Prot\u00e9ger les Donn\u00e9es des Utilisateurs<\/strong><\/p>\n\n\n\n<p><strong>Cryptage des Donn\u00e9es<\/strong><\/p>\n\n\n\n<ul class=\"wp-block-list\">\n<li><strong>Certificat SSL\/TLS<\/strong>: Nous utilisons un certificat SSL via Cloudflare pour garantir que les donn\u00e9es transmises entre les utilisateurs et notre site Web sont crypt\u00e9es.<\/li>\n<\/ul>\n\n\n\n<p><strong>Pseudonymisation des Donn\u00e9es<\/strong><\/p>\n\n\n\n<ul class=\"wp-block-list\">\n<li><strong>Plugin Ultimate GDPR  CCPA<\/strong>: <\/li>\n<\/ul>\n\n\n\n<p>Pour se conformer au RGPD, nous utilisons le plugin Ultimate GDPR  CCPA pour pseudonymiser les donn\u00e9es des utilisateurs. Cette technique remplace les identifiants priv\u00e9s par des pseudonymes, garantissant que vos informations personnelles restent prot\u00e9g\u00e9es et non identifiables m\u00eame en cas d&#8217;acc\u00e8s non autoris\u00e9. <\/p>\n\n\n\n<p>Nous mettons en \u0153uvre les fonctionnalit\u00e9s de pseudonymisation suivantes :<\/p>\n\n\n\n<ul class=\"wp-block-list\">\n<li><strong>Cryptage Automatique<\/strong>: Toutes les donn\u00e9es personnelles entrantes sont crypt\u00e9es pour maintenir une s\u00e9curit\u00e9 \u00e9lev\u00e9e..<\/li>\n\n\n\n<li><strong>D\u00e9cryptage en Temps R\u00e9el<\/strong>: Les donn\u00e9es sont d\u00e9crypt\u00e9es en temps r\u00e9el pour une fonctionnalit\u00e9 fluide sans compromettre la s\u00e9curit\u00e9.<\/li>\n\n\n\n<li><strong>Donn\u00e9es. WooCommerce<\/strong>: First and last names, address information, and billing email addresses are pseudonymized to protect customer identity.<\/li>\n\n\n\n<li><strong>Donn\u00e9es Utilisateur WP<\/strong>: Les pr\u00e9noms et noms des utilisateurs enregistr\u00e9s sont pseudonymis\u00e9s pour prot\u00e9ger leur identit\u00e9.<\/li>\n\n\n\n<li><strong>Donn\u00e9es de Commande<\/strong>: Les donn\u00e9es de commande des utilisateurs dans le WP Simple Paypal Shopping Cart sont pseudonymis\u00e9es pour prot\u00e9ger les informations transactionnelles.<\/li>\n<\/ul>\n\n\n\n<p><strong>S\u00e9curit\u00e9 Wordfence<\/strong><\/p>\n\n\n\n<ul class=\"wp-block-list\">\n<li><strong>Wordfence Security<\/strong>: Nous utilisons ce plugin pour fournir des fonctionnalit\u00e9s de s\u00e9curit\u00e9 robustes. Tous les plugins sont maintenus \u00e0 jour et configur\u00e9s pour garantir une s\u00e9curit\u00e9 maximale des donn\u00e9es des utilisateurs. <\/li>\n<\/ul>\n\n\n\n<p><strong>H\u00e9bergement S\u00e9curis\u00e9<\/strong><\/p>\n\n\n\n<ul class=\"wp-block-list\">\n<li><strong>Hostinger<\/strong>: Nos donn\u00e9es sont h\u00e9berg\u00e9es de mani\u00e8re s\u00e9curis\u00e9e avec Hostinger, garantissant une protection robuste et la conformit\u00e9 aux normes de s\u00e9curit\u00e9 des donn\u00e9es.<\/li>\n<\/ul>\n\n\n\n<h2 class=\"wp-block-heading\"><strong>Notification de Violation de Donn\u00e9es<\/strong><\/h2>\n\n\n\n<p>En cas de violation de donn\u00e9es, Organexia notifiera les utilisateurs concern\u00e9s par e-mail d\u00e8s que possible, en d\u00e9taillant la nature de la violation et les mesures prises pour y rem\u00e9dier.<\/p>\n\n\n\n<h2 class=\"wp-block-heading\"><strong>Conservation des Donn\u00e9es<\/strong><\/h2>\n\n\n\n<ul class=\"wp-block-list\">\n<li>Apr\u00e8s cinq ans d&#8217;inactivit\u00e9, le compte sera supprim\u00e9. Cette p\u00e9riode est choisie en raison de la nature de la plateforme, qui est destin\u00e9e \u00e0 l&#8217;organisation d&#8217;\u00e9v\u00e9nements priv\u00e9s. Les utilisateurs peuvent ne pas organiser d&#8217;\u00e9v\u00e9nements fr\u00e9quemment et peuvent mettre longtemps \u00e0 se reconnecter. Cela garantit que leurs donn\u00e9es restent s\u00e9curis\u00e9es sans suppression pr\u00e9matur\u00e9e. Les utilisateurs seront inform\u00e9s par e-mail avant la suppression du compte en raison de l&#8217;inactivit\u00e9.    <\/li>\n\n\n\n<li>L&#8217;utilisateur sera inform\u00e9 par e-mail de la r\u00e9siliation ou de la confirmation de la r\u00e9siliation de son compte. Leurs donn\u00e9es seront d\u00e9truites \u00e0 leur demande ou \u00e0 la fin des p\u00e9riodes de conservation l\u00e9gales \u00e0 partir de la date de r\u00e9siliation du compte. <\/li>\n\n\n\n<li>\u00c0 des fins statistiques, les donn\u00e9es seront supprim\u00e9es apr\u00e8s deux ans. Cette p\u00e9riode est choisie pour \u00e9quilibrer le besoin d&#8217;analyses op\u00e9rationnelles et la conformit\u00e9 avec les r\u00e8glements de protection des donn\u00e9es, offrant un temps suffisant pour que les utilisateurs reconsid\u00e8rent leur participation tout en garantissant la confidentialit\u00e9 des donn\u00e9es. Les utilisateurs peuvent demander la suppression des donn\u00e9es avant la p\u00e9riode de deux ans s&#8217;ils le souhaitent en contactant les administrateurs de la plateforme.  <\/li>\n\n\n\n<li>Si vous laissez un commentaire, le commentaire et ses m\u00e9tadonn\u00e9es sont conserv\u00e9s ind\u00e9finiment. Cela nous permet de reconna\u00eetre et d&#8217;approuver automatiquement tous les commentaires de suivi au lieu de les conserver dans une file d&#8217;attente de mod\u00e9ration. <\/li>\n<\/ul>\n\n\n\n<h2 class=\"wp-block-heading\"><strong>Transferts Internationaux<\/strong><\/h2>\n\n\n\n<p><strong>Transfert de Donn\u00e9es Transfrontalier<\/strong><\/p>\n\n\n\n<ul class=\"wp-block-list\">\n<li>M\u00eame si Organexia est bas\u00e9e au Maroc, le fournisseur d&#8217;h\u00e9bergement, Hostinger, est situ\u00e9 en Europe. Les transferts de donn\u00e9es transfrontaliers sont prot\u00e9g\u00e9s en respectant les clauses contractuelles types et d&#8217;autres garanties pertinentes pour assurer la conformit\u00e9 au RGPD. <\/li>\n<\/ul>\n\n\n\n<h2 class=\"wp-block-heading\"><strong>Cookies et Suivi<\/strong><\/h2>\n\n\n\n<p><strong>Utilisation des Cookies et Technologies de Suivi<\/strong><\/p>\n\n\n\n<p>Le site organexia.com peut vous demander d&#8217;accepter les cookies \u00e0 des fins statistiques et d&#8217;affichage. Un cookie est une information stock\u00e9e sur votre disque dur par le serveur du site que vous visitez. Il contient plusieurs donn\u00e9es qui sont stock\u00e9es sur votre ordinateur dans un fichier texte simple auquel un serveur acc\u00e8de pour lire et enregistrer des informations.  <\/p>\n\n\n\n<ul class=\"wp-block-list\">\n<li>Les cookies sont utilis\u00e9s pour am\u00e9liorer l&#8217;exp\u00e9rience utilisateur et analyser l&#8217;utilisation du site.<\/li>\n\n\n\n<li>Les utilisateurs peuvent g\u00e9rer leurs pr\u00e9f\u00e9rences de cookies via les param\u00e8tres de leur navigateur.<\/li>\n<\/ul>\n\n\n\n<p><strong>Cookies de Commentaires:<\/strong> Si vous laissez un commentaire sur notre site, vous pouvez choisir d&#8217;enregistrer votre nom, votre adresse e-mail et votre site Web dans des cookies. Ceux-ci sont pour votre commodit\u00e9 afin que vous n&#8217;ayez pas \u00e0 remplir \u00e0 nouveau vos coordonn\u00e9es lorsque vous laissez un autre commentaire. Ces cookies dureront un an.  <\/p>\n\n\n\n<p><strong>Cookies de Connexion :<\/strong> Si vous visitez notre page de connexion, nous cr\u00e9erons un cookie temporaire pour d\u00e9terminer si votre navigateur accepte les cookies. Ce cookie ne contient aucune donn\u00e9e personnelle et est supprim\u00e9 lorsque vous fermez votre navigateur. Lorsque vous vous connectez, nous mettrons \u00e9galement en place plusieurs cookies pour enregistrer vos informations de connexion et vos choix d&#8217;affichage \u00e0 l&#8217;\u00e9cran. Les cookies de connexion durent deux jours, et les cookies d&#8217;options d&#8217;\u00e9cran durent un an. Si vous s\u00e9lectionnez &#8220;Se souvenir de moi&#8221;, votre connexion sera maintenue pendant deux semaines. Si vous vous d\u00e9connectez de votre compte, les cookies de connexion seront supprim\u00e9s.     <\/p>\n\n\n\n<p><strong>Cookies d&#8217;\u00c9dition et de Publication :<\/strong> Si vous modifiez ou publiez un article, un cookie suppl\u00e9mentaire sera enregistr\u00e9 dans votre navigateur. Ce cookie ne contient aucune donn\u00e9e personnelle et indique simplement l&#8217;ID de l&#8217;article que vous venez de modifier. Il expire au bout d&#8217;un jour.  <\/p>\n\n\n\n<p><strong>Liste des Cookies D\u00e9tect\u00e9s par le Gestionnaire de Services:<\/strong> <\/p>\n\n\n\n<p><strong>        <div class=\"ct-ultimate-gdpr-container\">\n            <label for=\"ct-ultimate-gdpr-party-filter\"> First or Third Party Filter<\/label>\n            <select name=\"ct-ultimate-gdpr-party-filter\" id=\"ct-ultimate-gdpr-party-filter\">\n                <option value=\"\">Any<\/option>\n                <option value=\"1ere Partie\">1ere Partie<\/option>\n                <option value=\"Tierce partie\">Tierce partie<\/option>\n            <\/select>\n        <\/div>\n        <div id=\"ct-ultimate-gdpr-cookies-table\" class=\"ct-ultimate-gdpr-table-responsive table-responsive\">\n            <table>\n                <thead>\n                    <tr>\n                        <th>\n                            Noms des cookies                        <\/th>\n                        <th>\n                            Type de cookie                        <\/th>\n                        <th>\n                            Premi\u00e8re ou Tierce partie                        <\/th>\n                        <th>\n                            Peut \u00eatre bloqu\u00e9e                        <\/th>\n                        <th>\n                            Session ou persistante                        <\/th>\n                        <th>\n                            Dur\u00e9e d&#039;expiration                        <\/th>\n                        <th>\n                            Objet                        <\/th>\n                    <\/tr>\n                <\/thead>\n                <tbody><\/tbody>\n            <\/table>\n        <\/div>\n\t\t<\/strong><\/p>\n\n\n\n<h2 class=\"wp-block-heading\">Contenu Int\u00e9gr\u00e9 d&#8217;Autres Sites Web<\/h2>\n\n\n\n<p>Les articles de ce site peuvent inclure du contenu int\u00e9gr\u00e9 (par exemple, des vid\u00e9os, des images, des articles, etc.). Le contenu int\u00e9gr\u00e9 provenant d&#8217;autres sites Web, comme YouTube, se comporte exactement de la m\u00eame mani\u00e8re que si le visiteur avait visit\u00e9 l&#8217;autre site Web. Ces sites Web peuvent collecter des donn\u00e9es vous concernant, utiliser des cookies, int\u00e9grer un suivi tiers suppl\u00e9mentaire et surveiller votre interaction avec ce contenu int\u00e9gr\u00e9, y compris suivre votre interaction avec le contenu int\u00e9gr\u00e9 si vous avez un compte et \u00eates connect\u00e9 \u00e0 ce site Web.  <\/p>\n\n\n\n<h2 class=\"wp-block-heading\"><strong>Modifications de la Politique de Confidentialit\u00e9<\/strong><\/h2>\n\n\n\n<p><strong>Notification des Modifications<\/strong><\/p>\n\n\n\n<ul class=\"wp-block-list\">\n<li>Les utilisateurs seront inform\u00e9s de toute modification de cette Politique de Confidentialit\u00e9 par e-mail et par des mises \u00e0 jour sur le site Web d&#8217;Organexia.<\/li>\n<\/ul>\n\n\n\n<h2 class=\"wp-block-heading\"><strong>Proc\u00e9dures KYC et KYB<\/strong><\/h2>\n\n\n\n<p>Dans le cadre de notre engagement envers la s\u00e9curit\u00e9 et la conformit\u00e9, Organexia peut demander aux utilisateurs de fournir des documents pour la v\u00e9rification de l&#8217;identit\u00e9 :<\/p>\n\n\n\n<ul class=\"wp-block-list\">\n<li><strong>Individus (KYC):<\/strong> Une pi\u00e8ce d&#8217;identit\u00e9 principale (passeport, carte d&#8217;identit\u00e9 nationale, titre de s\u00e9jour ou permis de conduire) et un document secondaire (une autre pi\u00e8ce d&#8217;identit\u00e9 ou une facture de services publics).<\/li>\n\n\n\n<li><strong>Entreprises (KYB):<\/strong> Identification des repr\u00e9sentants l\u00e9gaux et des propri\u00e9taires b\u00e9n\u00e9ficiaires d\u00e9tenant plus de 25 % de propri\u00e9t\u00e9, v\u00e9rifi\u00e9s par les statuts de la soci\u00e9t\u00e9, une procuration ou un extrait r\u00e9cent (moins de 3 mois) du registre du commerce.<\/li>\n<\/ul>\n\n\n\n<p>Pour garantir une v\u00e9rification r\u00e9ussie:<\/p>\n\n\n\n<ul class=\"wp-block-list\">\n<li>Soumettez des documents clairs et complets montrant les deux c\u00f4t\u00e9s (le cas \u00e9ch\u00e9ant).<\/li>\n\n\n\n<li>Assurez-vous que les documents sont enti\u00e8rement visibles et dans leur p\u00e9riode de validit\u00e9.<\/li>\n<\/ul>\n\n\n\n<h2 class=\"wp-block-heading\">Conformit\u00e9 avec la L\u00e9gislation Marocaine et la CNDP<\/h2>\n\n\n\n<p>ORGANEXIA Collecte et traite vos donn\u00e9es \u00e0 caract\u00e8re personnel dans le cadre la mise en relation entre les organisateurs et les professionnels de l\u2019\u00e9v\u00e9nementiel.<\/p>\n\n\n\n<p>Vos donn\u00e9es seront \u00e9chang\u00e9es entre les parties concern\u00e9es.<br>Ce traitement est autoris\u00e9 par la CNDP sous le num\u00e9ro [___________]<br>Vos donn\u00e9es sont transf\u00e9r\u00e9es \u00e0 (Destinataire : Hostinger International Ltd, adresse&nbsp;: LUMIEL BUILDING, Floor 4, 61 Lordou Vironos str., Larnaca, Chypre) pour la finalit\u00e9 d\u2019h\u00e9bergement.<br>Ce transfert des donn\u00e9es \u00e0 l\u2019\u00e9tranger est autoris\u00e9 par la CNDP sous le num\u00e9ro [___________]<br>Vous pouvez exercer vos droits d\u2019acc\u00e8s, de rectification et d\u2019opposition conform\u00e9ment \u00e0 la loi 09-08 aupr\u00e8s de l\u2019administration via le mail (<a href=\"mailto:contact@organexia.com\">contact@organexia.com<\/a>)<\/p>\n\n\n\n<h2 class=\"wp-block-heading\"><strong>Liens vers des Sites Tiers<\/strong><\/h2>\n\n\n\n<ul class=\"wp-block-list\">\n<li><strong>Commodit\u00e9 et Risque Utilisateur:<\/strong> Les hyperliens sur le site Organexia ou dans les e-mails peuvent diriger les utilisateurs vers des sites tiers ou partenaires. Ces liens sont fournis pour des raisons de commodit\u00e9 uniquement. Les utilisateurs qui cliquent sur ces liens le font \u00e0 leurs propres risques et conform\u00e9ment aux conditions r\u00e9gissant ces sites.  <\/li>\n\n\n\n<li><strong>Aucune Responsabilit\u00e9 pour le Contenu Tiers:<\/strong> Organexia n&#8217;endosse ni ne contr\u00f4le ces sites externes et n&#8217;est pas responsable de leur disponibilit\u00e9, de leur contenu ou de leurs services. Tout dommage ou probl\u00e8me r\u00e9sultant de l&#8217;utilisation de ces sites est de la seule responsabilit\u00e9 de l&#8217;utilisateur. <\/li>\n\n\n\n<li><strong>Responsabilit\u00e9 Utilisateur:<\/strong> L&#8217;utilisation de liens externes est enti\u00e8rement aux risques de l&#8217;utilisateur. Les utilisateurs doivent se conformer aux conditions d&#8217;utilisation des sites tiers qu&#8217;ils visitent. <\/li>\n<\/ul>\n\n\n\n<h2 class=\"wp-block-heading\"><strong>Coordonn\u00e9es<\/strong><\/h2>\n\n\n\n<p>Pour toute question ou pr\u00e9occupation concernant vos donn\u00e9es personnelles, veuillez nous contacter \u00e0 <a href=\"mailto:contact@organexia.com\">contact@organexia.com<\/a><\/p>\n\n\n\n<p class=\"has-small-font-size\"><em>Derni\u00e8re mise \u00e0 jour : 26\/06\/2024<\/em><\/p>\n\n\n\n<p class=\"has-red-color has-text-color has-link-color has-medium-font-size wp-elements-2eee8956b1e22428dc9bd2cf9acfe7fc\" style=\"font-style:normal;font-weight:600\">J&#8217;ai lu et j&#8217;accepte la Politique de Confidentialit\u00e9<\/p>\n","protected":false},"excerpt":{"rendered":"<p>Attention: veuillez faire d\u00e9filer vers le bas pour lire la Politique de Confidentialit\u00e9, puis cliquez sur accepter pour l&#8217;accepter. Introduction Organexia s&#8217;engage \u00e0 prot\u00e9ger la vie priv\u00e9e de ses utilisateurs. Cette Politique de Confidentialit\u00e9 d\u00e9crit comment nous collectons, utilisons et prot\u00e9geons vos donn\u00e9es personnelles, en garantissant la conformit\u00e9 avec le RGPD et les lois marocaines [&hellip;]<\/p>\n","protected":false},"author":1,"featured_media":0,"parent":0,"menu_order":0,"comment_status":"closed","ping_status":"closed","template":"","meta":{"_acf_changed":false,"footnotes":""},"class_list":["post-5253","page","type-page","status-publish","hentry"],"acf":[],"_links":{"self":[{"href":"https:\/\/organexia.com\/fr\/wp-json\/wp\/v2\/pages\/5253","targetHints":{"allow":["GET"]}}],"collection":[{"href":"https:\/\/organexia.com\/fr\/wp-json\/wp\/v2\/pages"}],"about":[{"href":"https:\/\/organexia.com\/fr\/wp-json\/wp\/v2\/types\/page"}],"author":[{"embeddable":true,"href":"https:\/\/organexia.com\/fr\/wp-json\/wp\/v2\/users\/1"}],"replies":[{"embeddable":true,"href":"https:\/\/organexia.com\/fr\/wp-json\/wp\/v2\/comments?post=5253"}],"version-history":[{"count":1,"href":"https:\/\/organexia.com\/fr\/wp-json\/wp\/v2\/pages\/5253\/revisions"}],"predecessor-version":[{"id":10883,"href":"https:\/\/organexia.com\/fr\/wp-json\/wp\/v2\/pages\/5253\/revisions\/10883"}],"wp:attachment":[{"href":"https:\/\/organexia.com\/fr\/wp-json\/wp\/v2\/media?parent=5253"}],"curies":[{"name":"wp","href":"https:\/\/api.w.org\/{rel}","templated":true}]}}