
{"id":5318,"date":"2023-12-19T20:35:38","date_gmt":"2023-12-19T19:35:38","guid":{"rendered":"https:\/\/organexia.com\/inscription-du-vendeur\/"},"modified":"2024-09-23T10:34:06","modified_gmt":"2024-09-23T09:34:06","slug":"inscription-du-vendeur","status":"publish","type":"page","link":"https:\/\/organexia.com\/fr\/inscription-du-vendeur\/","title":{"rendered":"Inscription du Vendeur"},"content":{"rendered":"\n<h2 class=\"wp-block-heading\">Inscription des Prestataires de Services<\/h2>\n<div id=\"wcfm-main-contentainer\"> <div id=\"wcfm-content\"><div class=\"wcfm-membership-wrapper\"> <\/div><\/div><\/div>\n\n<p><a href=\"https:\/\/organexia.com\/gtcus\/\" target=\"_blank\" rel=\"noreferrer noopener\">Conditions G\u00e9n\u00e9rales d&#8217;Utilisation et de Vente<\/a><\/p>\n\n<p><a href=\"https:\/\/organexia.com\/privacy-policy\/\" target=\"_blank\" rel=\"noreferrer noopener\">Politique de confidentialit\u00e9<\/a> <\/p>\n\n<p><\/p>\n\n<p><\/p>\n\n<p><\/p>\n\n<p><\/p>\n","protected":false},"excerpt":{"rendered":"<p>Inscription des Prestataires de Services Conditions G\u00e9n\u00e9rales d&#8217;Utilisation et de Vente Politique de confidentialit\u00e9<\/p>\n","protected":false},"author":1,"featured_media":0,"parent":0,"menu_order":0,"comment_status":"closed","ping_status":"closed","template":"elementor_header_footer","meta":{"_acf_changed":false,"footnotes":""},"class_list":["post-5318","page","type-page","status-publish","hentry"],"acf":[],"_links":{"self":[{"href":"https:\/\/organexia.com\/fr\/wp-json\/wp\/v2\/pages\/5318","targetHints":{"allow":["GET"]}}],"collection":[{"href":"https:\/\/organexia.com\/fr\/wp-json\/wp\/v2\/pages"}],"about":[{"href":"https:\/\/organexia.com\/fr\/wp-json\/wp\/v2\/types\/page"}],"author":[{"embeddable":true,"href":"https:\/\/organexia.com\/fr\/wp-json\/wp\/v2\/users\/1"}],"replies":[{"embeddable":true,"href":"https:\/\/organexia.com\/fr\/wp-json\/wp\/v2\/comments?post=5318"}],"version-history":[{"count":0,"href":"https:\/\/organexia.com\/fr\/wp-json\/wp\/v2\/pages\/5318\/revisions"}],"wp:attachment":[{"href":"https:\/\/organexia.com\/fr\/wp-json\/wp\/v2\/media?parent=5318"}],"curies":[{"name":"wp","href":"https:\/\/api.w.org\/{rel}","templated":true}]}}