
{"id":10076,"date":"2025-02-06T15:43:14","date_gmt":"2025-02-06T14:43:14","guid":{"rendered":"https:\/\/organexia.com\/?post_type=product&#038;p=10076"},"modified":"2025-02-07T20:06:34","modified_gmt":"2025-02-07T19:06:34","slug":"buffet-de-naissance-pack-medium","status":"publish","type":"product","link":"https:\/\/organexia.com\/fr\/vendor\/buffet-plus-que-parfait\/product\/buffet-de-naissance-pack-medium\/","title":{"rendered":"Buffet de naissance: Pack medium"},"content":{"rendered":"<p>C\u00e9l\u00e9brez l&#8217;arriv\u00e9e de votre b\u00e9b\u00e9 avec \u00e9l\u00e9gance gr\u00e2ce \u00e0 notre\u00a0<strong>Pack Medium<\/strong>, une prestation compl\u00e8te qui sublimera votre r\u00e9ception et \u00e9merveillera vos invit\u00e9s.<\/p>\n<p>\u2728\u00a0<strong>Ce que comprend notre pack :<\/strong><\/p>\n<ul>\n<li><strong>30 unit\u00e9s<\/strong>\u00a0de chaque \u00e9l\u00e9ment gourmand et raffin\u00e9 :\n<ul>\n<li><strong>Souvenirs b\u00e9b\u00e9<\/strong>\u00a0\ud83c\udf81 (cadeaux pour vos invit\u00e9s)<\/li>\n<li><strong>Macarons<\/strong>\u00a0\ud83c\udf6a<\/li>\n<li><strong>Biscuits personnalis\u00e9s ou Cake Pops<\/strong>\u00a0\ud83c\udf6a.<\/li>\n<li><strong>Chocolats personnalis\u00e9s ou Nougat artisanale<\/strong>\ud83c\udf6b<\/li>\n<li><strong>Dattes Mejhoul fourr\u00e9es<\/strong>\u00a0\ud83c\udf34<\/li>\n<li><strong>Bouteilles d\u2019eau<\/strong>\u00a0\ud83d\udca6<\/li>\n<li><strong>Sachets \u00e9l\u00e9gants<\/strong>\u00a0\ud83c\udf80<\/li>\n<\/ul>\n<\/li>\n<li><strong>Buffet complet<\/strong>\u00a0avec une d\u00e9coration soigneusement pens\u00e9e pour sublimer l\u2019ambiance<\/li>\n<li><strong>D\u00e9coration de la porte d\u2019entr\u00e9e<\/strong>, cr\u00e9ant une premi\u00e8re impression magique<\/li>\n<\/ul>\n<p>\ud83d\ude9a\u00a0<strong>Livraison gratuite \u00e0 Tanger<\/strong><\/p>\n<p>Offrez \u00e0 vos proches une exp\u00e9rience m\u00e9morable, o\u00f9 chaque d\u00e9tail est pens\u00e9 pour c\u00e9l\u00e9brer ce moment unique avec raffinement et douceur.<\/p>\n","protected":false},"excerpt":{"rendered":"<p><span style=\"font-family: -webkit-standard; font-size: medium;\">Un buffet \u00e9l\u00e9gant pour c\u00e9l\u00e9brer l\u2019arriv\u00e9e de votre b\u00e9b\u00e9 ! Inclus :\u00a0<\/span><strong>30 souvenirs b\u00e9b\u00e9, macarons, biscuits, chocolats personnalis\u00e9s, dattes Mejhoul fourr\u00e9es, bouteilles d\u2019eau et sachets<\/strong><span style=\"font-family: -webkit-standard; font-size: medium;\">, avec\u00a0<\/span><strong>buffet d\u00e9cor\u00e9 et d\u00e9coration de la porte<\/strong><span style=\"font-family: -webkit-standard; font-size: medium;\">.<\/span><\/p>\n","protected":false},"featured_media":10075,"comment_status":"open","ping_status":"closed","template":"","meta":{"_acf_changed":false},"store":[],"product_brand":[],"product_cat":[2342,2338],"product_tag":[],"class_list":{"0":"post-10076","1":"product","2":"type-product","3":"status-publish","4":"has-post-thumbnail","6":"product_cat-autres-equipements","7":"product_cat-decoration-et-equipements","8":"pa_cancellable-oui-avec-des-conditions","9":"pa_deco-equip-style-moderne","10":"pa_event-type-autre","11":"pa_language-proficiency-anglais","12":"pa_language-proficiency-arabe","13":"pa_language-proficiency-espagnol","14":"pa_language-proficiency-francais","15":"pa_partners-headquarters-tanger-assilah-fr","16":"pa_service-scope-locale","17":"pa_service-scope-nationale","18":"pa_service-scope-regionale","20":"first","21":"instock","22":"sold-individually","23":"taxable","24":"shipping-taxable","25":"purchasable","26":"product-type-booking"},"exclude_global_add_ons":false,"addons":[{"name":"Souvenir b\u00e9b\u00e9","type":"multiple_choice","position":0,"required":true,"title_format":"label","default":"","description_enable":false,"description":"","placeholder_enable":false,"placeholder":"","display":"radiobutton","restrictions_type":"any_text","adjust_price":false,"price":"","price_type":"flat_fee","restrictions":false,"min":"0","max":"0","options":[{"label":"Porte cl\u00e9 tricot","price":"","price_type":"flat_fee","image":0},{"label":"Porte cl\u00e9 ourson en r\u00e9sine","price":"","price_type":"flat_fee","image":0},{"label":"Diffuseur de parfum de l'eau de fleur d'oranger (ma zhar)","price":"","price_type":"flat_fee","image":0}],"id":1738956940},{"name":"D\u00e9coration","type":"multiple_choice","position":1,"required":true,"title_format":"label","default":"","description_enable":true,"description":"Choix de la d\u00e9co selon les photos propos\u00e9es","placeholder_enable":false,"placeholder":"","display":"images","restrictions_type":"any_text","adjust_price":false,"price":"","price_type":"flat_fee","restrictions":false,"min":"0","max":"0","options":[{"label":"D\u00e9co 1","price":"","price_type":"flat_fee","image":10075},{"label":"D\u00e9co 2","price":"","price_type":"flat_fee","image":10069},{"label":"D\u00e9co 3","price":"","price_type":"flat_fee","image":10063}],"id":1738956938},{"name":"Quantit\u00e9 suppl\u00e9mentaire","type":"input_multiplier","position":2,"required":false,"title_format":"label","default":"","description_enable":true,"description":"Il est possible d'augmenter la quantit\u00e9 d'unit\u00e9s propos\u00e9e selon le nombre d'invit\u00e9s","placeholder_enable":false,"placeholder":"","display":"select","restrictions_type":"any_text","adjust_price":true,"price":"80","price_type":"quantity_based","restrictions":true,"min":"0","max":"0","options":[],"id":1738956939},{"name":"Biscuits ou Cake Pops","type":"multiple_choice","position":3,"required":true,"title_format":"label","default":"","description_enable":false,"description":"","placeholder_enable":false,"placeholder":"","display":"images","restrictions_type":"any_text","adjust_price":false,"price":"","price_type":"flat_fee","restrictions":false,"min":"0","max":"0","options":[{"label":"Biscuits personnalis\u00e9s","price":"","price_type":"flat_fee","image":0},{"label":"Cake Pops","price":"","price_type":"flat_fee","image":0}],"id":1738956941},{"name":"Chocolats ou Nougat artisanale","type":"multiple_choice","position":4,"required":true,"title_format":"label","default":"","description_enable":false,"description":"","placeholder_enable":false,"placeholder":"","display":"images","restrictions_type":"any_text","adjust_price":false,"price":"","price_type":"flat_fee","restrictions":false,"min":"0","max":"0","options":[{"label":"Chocolats personnalis\u00e9s","price":"","price_type":"flat_fee","image":0},{"label":"Nougat artisanale","price":"","price_type":"flat_fee","image":0}],"id":1738956942}],"acf":[],"_links":{"self":[{"href":"https:\/\/organexia.com\/fr\/wp-json\/wp\/v2\/product\/10076","targetHints":{"allow":["GET"]}}],"collection":[{"href":"https:\/\/organexia.com\/fr\/wp-json\/wp\/v2\/product"}],"about":[{"href":"https:\/\/organexia.com\/fr\/wp-json\/wp\/v2\/types\/product"}],"replies":[{"embeddable":true,"href":"https:\/\/organexia.com\/fr\/wp-json\/wp\/v2\/comments?post=10076"}],"wp:featuredmedia":[{"embeddable":true,"href":"https:\/\/organexia.com\/fr\/wp-json\/wp\/v2\/media\/10075"}],"wp:attachment":[{"href":"https:\/\/organexia.com\/fr\/wp-json\/wp\/v2\/media?parent=10076"}],"wp:term":[{"taxonomy":"store","embeddable":true,"href":"https:\/\/organexia.com\/fr\/wp-json\/wp\/v2\/store?post=10076"},{"taxonomy":"product_brand","embeddable":true,"href":"https:\/\/organexia.com\/fr\/wp-json\/wp\/v2\/product_brand?post=10076"},{"taxonomy":"product_cat","embeddable":true,"href":"https:\/\/organexia.com\/fr\/wp-json\/wp\/v2\/product_cat?post=10076"},{"taxonomy":"product_tag","embeddable":true,"href":"https:\/\/organexia.com\/fr\/wp-json\/wp\/v2\/product_tag?post=10076"}],"curies":[{"name":"wp","href":"https:\/\/api.w.org\/{rel}","templated":true}]}}