
{"id":10402,"date":"2025-02-28T12:51:50","date_gmt":"2025-02-28T12:51:50","guid":{"rendered":"https:\/\/organexia.com\/vendor\/rockma\/product\/table-dj-pioneer-xdj-xz-2\/"},"modified":"2025-02-28T13:00:49","modified_gmt":"2025-02-28T13:00:49","slug":"table-dj-pioneer-xdj-xz-2","status":"publish","type":"product","link":"https:\/\/organexia.com\/fr\/vendor\/rockma\/product\/table-dj-pioneer-xdj-xz-2\/","title":{"rendered":"Table DJ Pioneer XDJ-XZ"},"content":{"rendered":"<p><strong>XDJ-XZ &#8211; Syst\u00e8me DJ Tout-en-Un Professionnel<\/strong><\/p>\n<p>Le <strong>Pioneer XDJ-XZ<\/strong> est un puissant syst\u00e8me DJ tout-en-un, con\u00e7u pour la polyvalence et la performance. Parfait pour les \u00e9v\u00e9nements, les clubs, les bars ou votre studio priv\u00e9, cette configuration \u00e0 4 canaux refl\u00e8te la disposition NXS2 standard des clubs, vous assurant de vous sentir comme chez vous. \u00c9quip\u00e9 de jog wheels de taille r\u00e9elle, d&#8217;un \u00e9cran LCD tactile de 7 pouces et d&#8217;un affichage On Jog Display en couleur, il offre un contr\u00f4le exceptionnel pour des performances dynamiques.<\/p>\n<p data-start=\"0\" data-end=\"160\">Le syst\u00e8me DJ <strong data-start=\"14\" data-end=\"32\">Pioneer XDJ-XZ<\/strong> est disponible \u00e0 la location avec des prix flexibles en fonction de la dur\u00e9e de votre \u00e9v\u00e9nement. Voici notre grille tarifaire :<\/p>\n<ul data-start=\"162\" data-end=\"363\" data-is-only-node=\"\" data-is-last-node=\"\">\n<li data-start=\"162\" data-end=\"191\">Pour 1 jour : <strong data-start=\"178\" data-end=\"189\">1750 DH<\/strong><\/li>\n<li data-start=\"192\" data-end=\"222\">Pour 2 jours : <strong data-start=\"209\" data-end=\"220\">1500 DH<\/strong><\/li>\n<li data-start=\"223\" data-end=\"257\">Pour 3 \u00e0 4 jours : <strong data-start=\"244\" data-end=\"255\">1300 DH<\/strong><\/li>\n<li data-start=\"258\" data-end=\"292\">Pour 5 \u00e0 7 jours : <strong data-start=\"279\" data-end=\"290\">1200 DH<\/strong><\/li>\n<li data-start=\"293\" data-end=\"327\">Pour 8 \u00e0 9 jours : <strong data-start=\"314\" data-end=\"325\">1100 DH<\/strong><\/li>\n<li data-start=\"328\" data-end=\"363\" data-is-last-node=\"\">Pour 10 \u00e0 200 jours : <strong data-start=\"352\" data-end=\"363\" data-is-last-node=\"\">1000 DH<\/strong><\/li>\n<\/ul>\n<p><strong>Caract\u00e9ristiques principales :<\/strong><\/p>\n<ul>\n<li><strong>Contr\u00f4les de Performance Professionnels<\/strong> : Des fonctionnalit\u00e9s optimis\u00e9es pour un DJing fluide, y compris 14 Beat FX et 6 Sound Color FX pour plus de cr\u00e9ativit\u00e9.<\/li>\n<li><strong>Support M\u00e9dia Flexible<\/strong> : Lisez directement \u00e0 partir d&#8217;une cl\u00e9 USB avec des morceaux analys\u00e9s sur rekordbox, ou connectez un ordinateur portable pour utiliser rekordbox ou Serato DJ Pro.<\/li>\n<li><strong>Qualit\u00e9 Sonore Sup\u00e9rieure<\/strong> : Un processeur de signal num\u00e9rique pour un son cristallin et un \u00e9galiseur de sortie ma\u00eetre \u00e0 3 bandes pour affiner votre mix. Le Feedback Reducer \u00e9limine le &#8220;hurlement&#8221; du micro.<\/li>\n<li><strong>Pro DJ Link<\/strong> : Synchronisez les appareils externes, tels que les CDJ, avec votre mix et contr\u00f4lez-les via l&#8217;affichage du XDJ-XZ.<\/li>\n<li><strong>\u00c9cran Tactile &amp; Affichage On Jog en Couleur<\/strong> : Suivez facilement les formes d&#8217;onde, le BPM et les Hot Cues sur le grand \u00e9cran LCD et les affichages des jog wheels.<\/li>\n<li><strong>Autres caract\u00e9ristiques<\/strong> : 3 ports USB pour des performances en back-to-back, 16 pads de performance multicolores, et des entr\u00e9es microphone de haute qualit\u00e9 garantissent polyvalence et clart\u00e9.<\/li>\n<\/ul>\n<p>Con\u00e7u pour la portabilit\u00e9, le design compact et unitaire du XDJ-XZ avec poign\u00e9es de transport facilite le transport et l&#8217;installation. Id\u00e9al pour les DJ en d\u00e9placement, le XDJ-XZ offre l&#8217;\u00e9quilibre parfait entre performance, flexibilit\u00e9 et portabilit\u00e9 pour tous les \u00e9v\u00e9nements.<\/p>\n<p><strong>Sp\u00e9cifications<\/strong> :<\/p>\n<ul>\n<li>\n<p><strong>Formats de fichiers audio support\u00e9s<\/strong> : AAC, MP3, WAV, AIFF, FLAC<\/p>\n<\/li>\n<li>\n<p><strong>Syst\u00e8mes de fichiers<\/strong> : FAT, FAT32, exFAT, HFS+<\/p>\n<\/li>\n<li>\n<p><strong>Logiciels DJ compatibles<\/strong> :<\/p>\n<ul>\n<li>D\u00e9bloque Serato DJ Pro 2<\/li>\n<li>rekordbox<\/li>\n<li>Serato DVS (mise \u00e0 jour payante)<\/li>\n<li>rekordbox (plan Core ou sup\u00e9rieur)<\/li>\n<\/ul>\n<\/li>\n<li>\n<p><strong>Accessoires<\/strong> :<\/p>\n<ul>\n<li>Unit\u00e9 XDJ-XZ<\/li>\n<li>C\u00e2ble d\u2019alimentation<\/li>\n<li>C\u00e2ble USB<\/li>\n<li>Instructions d&#8217;utilisation (guide de d\u00e9marrage rapide)<\/li>\n<li>Avis de licence de logiciel<\/li>\n<\/ul>\n<\/li>\n<li>\n<p><strong>Dimensions<\/strong> :<\/p>\n<ul>\n<li>Largeur : 878 mm<\/li>\n<li>Profondeur : 466,1 mm<\/li>\n<li>Hauteur : 118,4 mm<\/li>\n<li>Poids : 13 kg<\/li>\n<li>Rapport signal\/bruit : 111 dB (USB)<\/li>\n<\/ul>\n<\/li>\n<li>\n<p><strong>Plage de fr\u00e9quence<\/strong> : 20 &#8211; 20000 Hz<\/p>\n<\/li>\n<li>\n<p><strong>Contr\u00f4le de performance<\/strong> :<\/p>\n<ul>\n<li>Canaux : 4<\/li>\n<li>Contr\u00f4le de Deck : 2 (dispositif de stockage USB) \/ 4 (contr\u00f4le logiciel DJ)<\/li>\n<li>Jog Wheel : 206 mm<\/li>\n<li>Sound Color FX : Space, Dub Echo, Sweep, Noise, Crush, Filter<\/li>\n<li>Beat FX : Delay, Echo, Filter, Flanger, Helix, Phaser, Ping Pong, Pitch, Slip Roll, Spiral, Reverb, Roll, Trans, Vinyl Brake<\/li>\n<\/ul>\n<\/li>\n<li>\n<p><strong>Terminals<\/strong> :<\/p>\n<ul>\n<li>\n<p><strong>Entr\u00e9es<\/strong> :<\/p>\n<ul>\n<li>2 LINE (RCA)<\/li>\n<li>2 PHONO (RCA)<\/li>\n<li>1 AUX (RCA)<\/li>\n<li>2 MIC (XLR &amp; jack TRS 1\/4 pouce)<\/li>\n<\/ul>\n<\/li>\n<li>\n<p><strong>Sorties<\/strong> :<\/p>\n<ul>\n<li>2 MASTER (XLR, RCA)<\/li>\n<li>1 BOOTH (jack TRS 1\/4 pouce)<\/li>\n<li>2 PHONES (jack st\u00e9r\u00e9o 1\/4 pouce, mini-jack st\u00e9r\u00e9o 3,5 mm)<\/li>\n<li>1 SEND (jack TRS 1\/4 pouce)<\/li>\n<\/ul>\n<\/li>\n<li>\n<p><strong>USB<\/strong> :<\/p>\n<ul>\n<li>2 ports USB A<\/li>\n<li>1 port USB B<\/li>\n<\/ul>\n<\/li>\n<li>\n<p><strong>LAN<\/strong> :<\/p>\n<ul>\n<li>3 (100Base TX)<\/li>\n<\/ul>\n<\/li>\n<\/ul>\n<\/li>\n<\/ul>\n","protected":false},"excerpt":{"rendered":"<p>Louez le <strong data-start=\"9\" data-end=\"27\">Pioneer XDJ-XZ<\/strong>, un syst\u00e8me DJ tout-en-un facile \u00e0 utiliser, parfait pour les f\u00eates et \u00e9v\u00e9nements. Avec des commandes simples, une excellente qualit\u00e9 sonore et la possibilit\u00e9 de lire depuis des cl\u00e9s USB ou des ordinateurs portables, il est id\u00e9al pour cr\u00e9er une atmosph\u00e8re inoubliable lors de votre \u00e9v\u00e9nement.<\/p>\n","protected":false},"featured_media":10399,"comment_status":"open","ping_status":"closed","template":"","meta":{"_acf_changed":false},"store":[],"product_brand":[],"product_cat":[2351,2350,2353],"product_tag":[],"class_list":{"0":"post-10402","1":"product","2":"type-product","3":"status-publish","4":"has-post-thumbnail","6":"product_cat-autres-services-de-medias-et-de-production","7":"product_cat-medias-et-production","8":"product_cat-societes-dinstallation-sonore-et-video","9":"product_shipping_class-prestataire-solo-equipement-leger","10":"pa_event-type-anniversaire","11":"pa_event-type-autre","12":"pa_event-type-fete-privee","13":"pa_event-type-mariage","14":"pa_language-proficiency-anglais","15":"pa_language-proficiency-arabe","16":"pa_language-proficiency-espagnol","17":"pa_language-proficiency-francais","18":"pa_partners-headquarters-casablanca-fr","19":"pa_partners-headquarters-tanger-assilah-fr","20":"pa_partners-headquarters-tetouan-fr","21":"pa_service-scope-locale","22":"pa_service-scope-nationale","23":"pa_service-scope-regionale","25":"first","26":"instock","27":"sold-individually","28":"taxable","29":"shipping-taxable","30":"purchasable","31":"product-type-booking"},"exclude_global_add_ons":false,"addons":[{"name":"Extras","type":"checkbox","position":1,"required":false,"title_format":"label","default":"","description_enable":false,"description":"","placeholder_enable":false,"placeholder":"","display":"select","restrictions_type":"any_text","adjust_price":false,"price":"0","price_type":"flat_fee","restrictions":false,"min":"0","max":"0","options":[{"label":"Support PC","price":"50","price_type":"quantity_based","image":0},{"label":"Casque DJ","price":"90","price_type":"quantity_based","image":0},{"label":"Cable XLR","price":"30","price_type":"quantity_based","image":0},{"label":"Cable RCA","price":"30","price_type":"quantity_based","image":0}]}],"acf":[],"_links":{"self":[{"href":"https:\/\/organexia.com\/fr\/wp-json\/wp\/v2\/product\/10402","targetHints":{"allow":["GET"]}}],"collection":[{"href":"https:\/\/organexia.com\/fr\/wp-json\/wp\/v2\/product"}],"about":[{"href":"https:\/\/organexia.com\/fr\/wp-json\/wp\/v2\/types\/product"}],"replies":[{"embeddable":true,"href":"https:\/\/organexia.com\/fr\/wp-json\/wp\/v2\/comments?post=10402"}],"wp:featuredmedia":[{"embeddable":true,"href":"https:\/\/organexia.com\/fr\/wp-json\/wp\/v2\/media\/10399"}],"wp:attachment":[{"href":"https:\/\/organexia.com\/fr\/wp-json\/wp\/v2\/media?parent=10402"}],"wp:term":[{"taxonomy":"store","embeddable":true,"href":"https:\/\/organexia.com\/fr\/wp-json\/wp\/v2\/store?post=10402"},{"taxonomy":"product_brand","embeddable":true,"href":"https:\/\/organexia.com\/fr\/wp-json\/wp\/v2\/product_brand?post=10402"},{"taxonomy":"product_cat","embeddable":true,"href":"https:\/\/organexia.com\/fr\/wp-json\/wp\/v2\/product_cat?post=10402"},{"taxonomy":"product_tag","embeddable":true,"href":"https:\/\/organexia.com\/fr\/wp-json\/wp\/v2\/product_tag?post=10402"}],"curies":[{"name":"wp","href":"https:\/\/api.w.org\/{rel}","templated":true}]}}