
{"id":10419,"date":"2025-02-28T14:25:33","date_gmt":"2025-02-28T14:25:33","guid":{"rendered":"https:\/\/organexia.com\/?post_type=product&#038;p=10419"},"modified":"2025-02-28T15:08:47","modified_gmt":"2025-02-28T15:08:47","slug":"table-de-mixage-allen-heath-zed-22fx-copy","status":"publish","type":"product","link":"https:\/\/organexia.com\/fr\/vendor\/rockma\/product\/table-de-mixage-allen-heath-zed-22fx-copy\/","title":{"rendered":"HK Audio Polar 10 &#8211; Syst\u00e8me de sonorisation amplifi\u00e9"},"content":{"rendered":"<div aria-hidden=\"true\" data-edge=\"true\" class=\"pointer-events-none h-px w-px\"><\/div>\n<article class=\"w-full text-token-text-primary focus-visible:outline-2 focus-visible:outline-offset-[-4px]\" dir=\"auto\" data-testid=\"conversation-turn-11\" data-scroll-anchor=\"true\">\n<div class=\"m-auto text-base py-[18px] px-6\">\n<div class=\"mx-auto flex flex-1 text-base gap-4 md:gap-5 lg:gap-6 md:max-w-3xl\">\n<div class=\"group\/conversation-turn relative flex w-full min-w-0 flex-col agent-turn @xs\/thread:px-0 @sm\/thread:px-1.5 @md\/thread:px-4\">\n<div class=\"flex-col gap-1 md:gap-3\">\n<div class=\"flex max-w-full flex-col flex-grow\">\n<div data-message-author-role=\"assistant\" data-message-id=\"3b0eed6c-2a3c-4abb-85ee-0c51766ee36c\" dir=\"auto\" class=\"min-h-8 text-message relative flex w-full flex-col items-end gap-2 whitespace-normal break-words text-start [.text-message+&amp;]:mt-5\" data-message-model-slug=\"gpt-4o-mini\">\n<div class=\"flex w-full flex-col gap-1 empty:hidden first:pt-[3px]\">\n<div class=\"markdown prose w-full break-words dark:prose-invert dark\">\n<p data-start=\"895\" data-end=\"1587\">Le <strong data-start=\"918\" data-end=\"939\">HK Audio Polar 10<\/strong> est con\u00e7u pour ceux qui recherchent une performance sonore de premier ordre, offrant une exp\u00e9rience sonore <strong data-start=\"1047\" data-end=\"1054\">XXL<\/strong> avec un son clair et puissant sur toutes les fr\u00e9quences. Avec une puissance cr\u00eate de 2 000W et un DSP 24 bits, il d\u00e9livre un son naturel et puissant, des basses profondes aux aigus les plus fins. Que vous organisiez un <strong>concert, une conf\u00e9rence ou un \u00e9v\u00e9nement DJ<\/strong>, ce syst\u00e8me est id\u00e9al pour une <strong>utilisation en int\u00e9rieur ou en ext\u00e9rieur<\/strong>, garantissant une clart\u00e9 et un \u00e9quilibre sonore optimal. Son <strong data-start=\"1450\" data-end=\"1479\">couverture sonore de 120\u00b0<\/strong> et sa faible tendance \u00e0 la r\u00e9troaction le rendent parfait pour une utilisation sur sc\u00e8ne ou dans une salle.<\/p>\n<p data-start=\"1589\" data-end=\"2056\">\u00c9quip\u00e9 d&#8217;un <strong data-start=\"1601\" data-end=\"1622\">mixeur multicanal<\/strong> int\u00e9gr\u00e9, d&#8217;une connectivit\u00e9 Bluetooth 5 et de pr\u00e9r\u00e9glages conviviaux pour les modes musique, discours et DJ, le <strong data-start=\"1735\" data-end=\"1747\">Polar 10<\/strong> simplifie la gestion sonore. Son design l\u00e9ger et ses housses rembourr\u00e9es facilitent son transport et son installation. De plus, il dispose de <strong data-start=\"1890\" data-end=\"1923\">cinq pr\u00e9r\u00e9glages utilisateurs<\/strong> pour une configuration rapide et inclut un canal sp\u00e9cial pour les instruments, comme les guitares acoustiques et autres instruments.<\/p>\n<p data-start=\"2058\" data-end=\"2084\"><strong data-start=\"2058\" data-end=\"2082\">Tarifs de location :<\/strong><\/p>\n<ul data-start=\"2085\" data-end=\"2284\">\n<li data-start=\"2085\" data-end=\"2113\"><strong data-start=\"2087\" data-end=\"2104\">Pour 1 jour :<\/strong> 500 Dh<\/li>\n<li data-start=\"2114\" data-end=\"2143\"><strong data-start=\"2116\" data-end=\"2134\">Pour 2 jours :<\/strong> 450 Dh<\/li>\n<li data-start=\"2144\" data-end=\"2177\"><strong data-start=\"2146\" data-end=\"2168\">Pour 3 \u00e0 4 jours :<\/strong> 400 Dh<\/li>\n<li data-start=\"2178\" data-end=\"2211\"><strong data-start=\"2180\" data-end=\"2202\">Pour 5 \u00e0 7 jours :<\/strong> 350 Dh<\/li>\n<li data-start=\"2212\" data-end=\"2245\"><strong data-start=\"2214\" data-end=\"2236\">Pour 8 \u00e0 9 jours :<\/strong> 300 Dh<\/li>\n<li data-start=\"2246\" data-end=\"2284\"><strong data-start=\"2248\" data-end=\"2275\">\u00c0 partir de 10+ jours :<\/strong> 250 Dh<\/li>\n<\/ul>\n<p data-start=\"2286\" data-end=\"2476\" data-is-last-node=\"\" data-is-only-node=\"\">Louez le <strong data-start=\"2295\" data-end=\"2316\">HK Audio Polar 10<\/strong> d\u00e8s aujourd&#8217;hui et profitez d&#8217;une qualit\u00e9 sonore incomparable avec une facilit\u00e9 d&#8217;utilisation, que ce soit pour un grand \u00e9v\u00e9nement ou une r\u00e9union plus intime !<\/p>\n<\/div>\n<\/div>\n<\/div>\n<\/div>\n<div class=\"mb-2 flex gap-3 empty:hidden -ml-2\">\n<div class=\"items-center justify-start rounded-xl p-1 flex\">\n<div class=\"flex items-center\"><\/div>\n<\/div>\n<\/div>\n<div class=\"mt-3 w-full empty:hidden\">\n<div class=\"text-center\"><\/div>\n<\/div>\n<\/div>\n<div class=\"absolute\">\n<p><\/p>\n<div class=\"flex items-center justify-center\"><\/div>\n<p><\/p>\n<\/div>\n<\/div>\n<\/div>\n<\/div>\n<\/article>\n","protected":false},"excerpt":{"rendered":"<p>Louez le syst\u00e8me colonne amplifi\u00e9 HK Audio Polar 10 et profitez d&#8217;une <strong>qualit\u00e9 sonore exceptionnelle<\/strong> avec une exp\u00e9rience audio compl\u00e8te, des basses profondes aux aigus cristallins. Parfait pour les <strong>musiciens, DJ, pr\u00e9sentateurs ou tout autre \u00e9v\u00e9nement<\/strong>, avec connectivit\u00e9 Bluetooth et mixeur 4 canaux int\u00e9gr\u00e9.<\/p>\n","protected":false},"featured_media":10422,"comment_status":"open","ping_status":"closed","template":"","meta":{"_acf_changed":false},"store":[],"product_brand":[],"product_cat":[2350,2353],"product_tag":[],"class_list":{"0":"post-10419","1":"product","2":"type-product","3":"status-publish","4":"has-post-thumbnail","6":"product_cat-medias-et-production","7":"product_cat-societes-dinstallation-sonore-et-video","8":"product_shipping_class-prestataire-solo-equipement-leger","9":"pa_event-type-anniversaire","10":"pa_event-type-autre","11":"pa_event-type-fete-privee","12":"pa_event-type-mariage","13":"pa_language-proficiency-anglais","14":"pa_language-proficiency-arabe","15":"pa_language-proficiency-espagnol","16":"pa_language-proficiency-francais","17":"pa_partners-headquarters-casablanca-fr","18":"pa_partners-headquarters-tanger-assilah-fr","19":"pa_partners-headquarters-tetouan-fr","20":"pa_service-scope-locale","21":"pa_service-scope-nationale","22":"pa_service-scope-regionale","24":"first","25":"instock","26":"sold-individually","27":"taxable","28":"shipping-taxable","29":"purchasable","30":"product-type-booking"},"exclude_global_add_ons":false,"addons":[{"name":"Extras","type":"checkbox","position":0,"required":false,"title_format":"label","default":"","description_enable":true,"description":"","placeholder_enable":false,"placeholder":"","display":"select","restrictions_type":"any_text","adjust_price":false,"price":"0","price_type":"flat_fee","restrictions":false,"min":"0","max":"0","options":[{"label":"Cable Aux","price":"20","price_type":"quantity_based","image":0}]},{"name":"Cable RCA","type":"input_multiplier","position":1,"required":false,"title_format":"label","default":"","description_enable":false,"description":"","placeholder_enable":false,"placeholder":"","display":"select","restrictions_type":"any_text","adjust_price":true,"price":"30","price_type":"quantity_based","restrictions":true,"min":"0","max":"20","options":[]},{"name":"Cable Jack Mono 5m","type":"input_multiplier","position":2,"required":false,"title_format":"label","default":"","description_enable":false,"description":"","placeholder_enable":false,"placeholder":"","display":"select","restrictions_type":"any_text","adjust_price":true,"price":"20","price_type":"quantity_based","restrictions":true,"min":"0","max":"20","options":[]},{"name":"Microphone sans fil","type":"input_multiplier","position":3,"required":false,"title_format":"label","default":"","description_enable":false,"description":"","placeholder_enable":false,"placeholder":"","display":"select","restrictions_type":"any_text","adjust_price":true,"price":"100","price_type":"quantity_based","restrictions":true,"min":"0","max":"2","options":[]}],"acf":[],"_links":{"self":[{"href":"https:\/\/organexia.com\/fr\/wp-json\/wp\/v2\/product\/10419","targetHints":{"allow":["GET"]}}],"collection":[{"href":"https:\/\/organexia.com\/fr\/wp-json\/wp\/v2\/product"}],"about":[{"href":"https:\/\/organexia.com\/fr\/wp-json\/wp\/v2\/types\/product"}],"replies":[{"embeddable":true,"href":"https:\/\/organexia.com\/fr\/wp-json\/wp\/v2\/comments?post=10419"}],"wp:featuredmedia":[{"embeddable":true,"href":"https:\/\/organexia.com\/fr\/wp-json\/wp\/v2\/media\/10422"}],"wp:attachment":[{"href":"https:\/\/organexia.com\/fr\/wp-json\/wp\/v2\/media?parent=10419"}],"wp:term":[{"taxonomy":"store","embeddable":true,"href":"https:\/\/organexia.com\/fr\/wp-json\/wp\/v2\/store?post=10419"},{"taxonomy":"product_brand","embeddable":true,"href":"https:\/\/organexia.com\/fr\/wp-json\/wp\/v2\/product_brand?post=10419"},{"taxonomy":"product_cat","embeddable":true,"href":"https:\/\/organexia.com\/fr\/wp-json\/wp\/v2\/product_cat?post=10419"},{"taxonomy":"product_tag","embeddable":true,"href":"https:\/\/organexia.com\/fr\/wp-json\/wp\/v2\/product_tag?post=10419"}],"curies":[{"name":"wp","href":"https:\/\/api.w.org\/{rel}","templated":true}]}}