
{"id":10430,"date":"2025-02-28T15:10:08","date_gmt":"2025-02-28T15:10:08","guid":{"rendered":"https:\/\/organexia.com\/?post_type=product&#038;p=10430"},"modified":"2025-02-28T15:44:02","modified_gmt":"2025-02-28T15:44:02","slug":"hk-audio-polar-10-systeme-de-sonorisation-amplifie-copy","status":"publish","type":"product","link":"https:\/\/organexia.com\/fr\/vendor\/rockma\/product\/hk-audio-polar-10-systeme-de-sonorisation-amplifie-copy\/","title":{"rendered":"Bose S1 Pro+ &#8211; Syst\u00e8me de haut-parleurs Bluetooth portables"},"content":{"rendered":"<div aria-hidden=\"true\" data-edge=\"true\" class=\"pointer-events-none h-px w-px\">\n<p data-start=\"491\" data-end=\"1322\">Le syst\u00e8me audio portable <strong>Bluetooth<\/strong> Bose S1 Pro+ est la solution ultime pour un son professionnel en toutes circonstances. Que vous organisiez une f\u00eate, que vous soyez <strong>sur sc\u00e8ne<\/strong> ou que vous fassiez une <strong>pr\u00e9sentation<\/strong>, cet haut-parleur <strong>polyvalent<\/strong> et <strong>portable<\/strong> offre un <strong>son puissant<\/strong> avec une grande facilit\u00e9. Le S1 Pro+ est \u00e9quip\u00e9 d&#8217;un mixeur 3 canaux int\u00e9gr\u00e9, d&#8217;une diffusion <strong>Bluetooth<\/strong> de haute qualit\u00e9, et d&#8217;une <strong>batterie de longue dur\u00e9e allant jusqu&#8217;\u00e0 11 heures<\/strong>. Son \u00e9galisation automatique ajuste le son en fonction de sa position, assurant une qualit\u00e9 audio optimale quel que soit l&#8217;environnement. Le syst\u00e8me propose \u00e9galement quatre positions possibles, du mode vertical au mode moniteur, et peut \u00eatre contr\u00f4l\u00e9 via <strong>l&#8217;application Bose Music<\/strong> pour des ajustements faciles et un acc\u00e8s aux param\u00e8tres suppl\u00e9mentaires.<\/p>\n<p data-start=\"1324\" data-end=\"1358\"><strong data-start=\"1324\" data-end=\"1358\">Caract\u00e9ristiques principales :<\/strong><\/p>\n<ul data-start=\"1360\" data-end=\"2419\">\n<li data-start=\"1360\" data-end=\"1464\"><strong data-start=\"1362\" data-end=\"1377\">Portabilit\u00e9<\/strong> : Facile \u00e0 transporter gr\u00e2ce \u00e0 sa poign\u00e9e pratique, id\u00e9al pour les \u00e9v\u00e9nements mobiles.<\/li>\n<li data-start=\"1465\" data-end=\"1567\"><strong data-start=\"1467\" data-end=\"1495\">Autonomie de la batterie<\/strong> : \u00c9coutez de la musique pendant jusqu&#8217;\u00e0 11 heures sur une seule charge.<\/li>\n<li data-start=\"1568\" data-end=\"1704\"><strong data-start=\"1570\" data-end=\"1602\">Diffusion Bluetooth sans fil<\/strong> : Connectez votre appareil et diffusez de la musique sans fil avec une qualit\u00e9 sonore exceptionnelle.<\/li>\n<li data-start=\"1705\" data-end=\"1836\"><strong data-start=\"1707\" data-end=\"1734\">Mixeur 3 canaux int\u00e9gr\u00e9<\/strong> : Mixez votre son facilement, avec des pr\u00e9r\u00e9glages ToneMatch et r\u00e9verb\u00e9ration pour les canaux 1 et 2.<\/li>\n<li data-start=\"1837\" data-end=\"1999\"><strong data-start=\"1839\" data-end=\"1878\">Options de positionnement multiples<\/strong> : Quatre positions diff\u00e9rentes avec \u00e9galisation automatique pour assurer le meilleur son dans toutes les configurations.<\/li>\n<li data-start=\"2000\" data-end=\"2158\"><strong data-start=\"2002\" data-end=\"2028\">Application Bose Music<\/strong> : Contr\u00f4lez facilement le syst\u00e8me et acc\u00e9dez \u00e0 des pr\u00e9r\u00e9glages suppl\u00e9mentaires de ToneMatch pour plus de personnalisation sonore.<\/li>\n<li data-start=\"2159\" data-end=\"2286\"><strong data-start=\"2161\" data-end=\"2195\">Accessoires sans fil en option<\/strong> : Utilisez des transmetteurs sans fil pour microphones et instruments (vendus s\u00e9par\u00e9ment).<\/li>\n<li data-start=\"2287\" data-end=\"2419\"><strong data-start=\"2289\" data-end=\"2314\">Compact mais puissant<\/strong> : Une performance sonore professionnelle dans un design petit et portable, id\u00e9al pour divers \u00e9v\u00e9nements.<\/li>\n<\/ul>\n<p data-start=\"2421\" data-end=\"2445\"><strong data-start=\"2421\" data-end=\"2445\">Tarifs de location :<\/strong><\/p>\n<ul data-start=\"2447\" data-end=\"2622\">\n<li data-start=\"2447\" data-end=\"2471\">Pour 1 jour : 450 Dh<\/li>\n<li data-start=\"2472\" data-end=\"2497\">Pour 2 jours : 400 Dh<\/li>\n<li data-start=\"2498\" data-end=\"2527\">Pour 3 \u00e0 4 jours : 350 Dh<\/li>\n<li data-start=\"2528\" data-end=\"2557\">Pour 5 \u00e0 7 jours : 300 Dh<\/li>\n<li data-start=\"2558\" data-end=\"2587\">Pour 8 \u00e0 9 jours : 250 Dh<\/li>\n<li data-start=\"2588\" data-end=\"2622\">\u00c0 partir de 10+ jours : 200 Dh<\/li>\n<\/ul>\n<p data-start=\"2624\" data-end=\"2795\" data-is-last-node=\"\" data-is-only-node=\"\">Louez le Bose S1 Pro+ d\u00e8s aujourd&#8217;hui et donnez vie \u00e0 vos \u00e9v\u00e9nements avec un son de qualit\u00e9 professionnelle, une portabilit\u00e9 maximale et des commandes faciles \u00e0 utiliser !<\/p>\n<\/div>\n","protected":false},"excerpt":{"rendered":"<p>Louez le Bose S1 Pro+ avec <strong>11 heures d&#8217;autonomie<\/strong>, diffusion <strong>Bluetooth<\/strong> et un mixeur 3 canaux int\u00e9gr\u00e9. Profitez d&#8217;une <strong>qualit\u00e9 sonore exceptionnelle<\/strong> o\u00f9 que vous soyez ! Parfait pour les \u00e9v\u00e9nements et les performances.<\/p>\n","protected":false},"featured_media":10440,"comment_status":"open","ping_status":"closed","template":"","meta":{"_acf_changed":false},"store":[],"product_brand":[],"product_cat":[2350,2353],"product_tag":[],"class_list":{"0":"post-10430","1":"product","2":"type-product","3":"status-publish","4":"has-post-thumbnail","6":"product_cat-medias-et-production","7":"product_cat-societes-dinstallation-sonore-et-video","8":"product_shipping_class-prestataire-solo-equipement-leger","9":"pa_event-type-anniversaire","10":"pa_event-type-autre","11":"pa_event-type-fete-privee","12":"pa_event-type-mariage","13":"pa_language-proficiency-anglais","14":"pa_language-proficiency-arabe","15":"pa_language-proficiency-espagnol","16":"pa_language-proficiency-francais","17":"pa_partners-headquarters-casablanca-fr","18":"pa_partners-headquarters-tanger-assilah-fr","19":"pa_partners-headquarters-tetouan-fr","20":"pa_service-scope-locale","21":"pa_service-scope-nationale","22":"pa_service-scope-regionale","24":"first","25":"instock","26":"sold-individually","27":"taxable","28":"shipping-taxable","29":"purchasable","30":"product-type-booking"},"exclude_global_add_ons":false,"addons":[{"name":"Extras","type":"checkbox","position":0,"required":false,"title_format":"label","default":"","description_enable":true,"description":"","placeholder_enable":false,"placeholder":"","display":"select","restrictions_type":"any_text","adjust_price":false,"price":"0","price_type":"flat_fee","restrictions":false,"min":"0","max":"0","options":[{"label":"Cable Aux","price":"20","price_type":"quantity_based","image":0}]},{"name":"Microphone sans fil","type":"input_multiplier","position":1,"required":false,"title_format":"label","default":"","description_enable":false,"description":"","placeholder_enable":false,"placeholder":"","display":"select","restrictions_type":"any_text","adjust_price":true,"price":"100","price_type":"quantity_based","restrictions":true,"min":"0","max":"2","options":[]},{"name":"Cable Jack Mono 5m","type":"input_multiplier","position":2,"required":false,"title_format":"label","default":"","description_enable":false,"description":"","placeholder_enable":false,"placeholder":"","display":"select","restrictions_type":"any_text","adjust_price":true,"price":"20","price_type":"quantity_based","restrictions":true,"min":"0","max":"20","options":[]}],"acf":[],"_links":{"self":[{"href":"https:\/\/organexia.com\/fr\/wp-json\/wp\/v2\/product\/10430","targetHints":{"allow":["GET"]}}],"collection":[{"href":"https:\/\/organexia.com\/fr\/wp-json\/wp\/v2\/product"}],"about":[{"href":"https:\/\/organexia.com\/fr\/wp-json\/wp\/v2\/types\/product"}],"replies":[{"embeddable":true,"href":"https:\/\/organexia.com\/fr\/wp-json\/wp\/v2\/comments?post=10430"}],"wp:featuredmedia":[{"embeddable":true,"href":"https:\/\/organexia.com\/fr\/wp-json\/wp\/v2\/media\/10440"}],"wp:attachment":[{"href":"https:\/\/organexia.com\/fr\/wp-json\/wp\/v2\/media?parent=10430"}],"wp:term":[{"taxonomy":"store","embeddable":true,"href":"https:\/\/organexia.com\/fr\/wp-json\/wp\/v2\/store?post=10430"},{"taxonomy":"product_brand","embeddable":true,"href":"https:\/\/organexia.com\/fr\/wp-json\/wp\/v2\/product_brand?post=10430"},{"taxonomy":"product_cat","embeddable":true,"href":"https:\/\/organexia.com\/fr\/wp-json\/wp\/v2\/product_cat?post=10430"},{"taxonomy":"product_tag","embeddable":true,"href":"https:\/\/organexia.com\/fr\/wp-json\/wp\/v2\/product_tag?post=10430"}],"curies":[{"name":"wp","href":"https:\/\/api.w.org\/{rel}","templated":true}]}}