
{"id":10508,"date":"2025-02-28T18:36:06","date_gmt":"2025-02-28T18:36:06","guid":{"rendered":"https:\/\/organexia.com\/?post_type=product&#038;p=10508"},"modified":"2025-02-28T18:54:32","modified_gmt":"2025-02-28T18:54:32","slug":"location-de-paire-denceintes-actives-hk-audio-l3-115-fa-linear-3-avec-supports-copy","status":"publish","type":"product","link":"https:\/\/organexia.com\/fr\/vendor\/rockma\/product\/location-de-paire-denceintes-actives-hk-audio-l3-115-fa-linear-3-avec-supports-copy\/","title":{"rendered":"Clavier Korg Pa700 Oriental"},"content":{"rendered":"<p data-start=\"43\" data-end=\"517\">Le Korg Pa700 Oriental est un clavier arrangeur polyvalent \u00e0 61 touches, sp\u00e9cialement con\u00e7u pour les musiciens qui jouent ou cr\u00e9ent de la musique orientale. Avec son \u00e9cran intuitif TouchView\u2122 de 7 pouces et plus de 1 700 sons de haute qualit\u00e9, y compris des instruments orientaux exclusifs comme les Ouds, Bouzuks et Kanouns, ce clavier est id\u00e9al aussi bien pour les d\u00e9butants que pour les professionnels qui souhaitent \u00e9lever leur production musicale ou leurs performances.<\/p>\n<p data-start=\"519\" data-end=\"942\">\u00c9quip\u00e9 d&#8217;une amplification de 2 x 25W et d&#8217;un syst\u00e8me sonore int\u00e9gr\u00e9 puissant, le Korg Pa700 Oriental offre un son riche et dynamique, ce qui en fait un excellent choix pour des performances live, des concerts de DJ ou des sessions en studio. Le mini-clavier permet de personnaliser facilement les gammes et d&#8217;acc\u00e9der aux pr\u00e9r\u00e9glages de quarts de ton, le rendant ainsi tr\u00e8s adaptable \u00e0 diff\u00e9rents styles musicaux orientaux.<\/p>\n<p data-start=\"944\" data-end=\"974\">Caract\u00e9ristiques principales :<\/p>\n<ul data-start=\"976\" data-end=\"1337\">\n<li data-start=\"976\" data-end=\"1033\">Polyphonie 128 voix pour une reproduction sonore riche.<\/li>\n<li data-start=\"1034\" data-end=\"1097\">Plus de 370 styles d&#8217;usine couvrant tous les genres musicaux.<\/li>\n<li data-start=\"1098\" data-end=\"1155\">KAOSS FX pour un contr\u00f4le cr\u00e9atif de votre performance.<\/li>\n<li data-start=\"1156\" data-end=\"1249\">Compatibilit\u00e9 MIDI et USB pour une int\u00e9gration facile avec d&#8217;autres \u00e9quipements num\u00e9riques.<\/li>\n<li data-start=\"1250\" data-end=\"1334\">Vocal Remover pour retirer les voix des MP3 pour des performances de type karaok\u00e9.<\/li>\n<\/ul>\n<p data-start=\"1338\" data-end=\"1700\">Que ce soit pour des performances sur sc\u00e8ne, des enregistrements en studio ou pour composer de la musique, le Korg Pa700 Oriental r\u00e9pondra \u00e0 tous vos besoins musicaux. Con\u00e7u pour offrir une grande facilit\u00e9 d&#8217;utilisation avec son interface conviviale et ses fonctionnalit\u00e9s puissantes, il garantit que votre musique sonne de mani\u00e8re professionnelle \u00e0 chaque fois.<\/p>\n<p data-start=\"1702\" data-end=\"1722\">Tarifs de location :<\/p>\n<ul data-start=\"1724\" data-end=\"1880\">\n<li data-start=\"1724\" data-end=\"1746\">Pour 1 jour : 950 Dh<\/li>\n<li data-start=\"1747\" data-end=\"1770\">Pour 2 jours : 900 Dh<\/li>\n<li data-start=\"1771\" data-end=\"1798\">Pour 3 \u00e0 4 jours : 850 Dh<\/li>\n<li data-start=\"1799\" data-end=\"1826\">Pour 5 \u00e0 7 jours : 800 Dh<\/li>\n<li data-start=\"1827\" data-end=\"1854\">Pour 8 \u00e0 9 jours : 750 Dh<\/li>\n<li data-start=\"1855\" data-end=\"1880\">Pour 10+ jours : 700 Dh<\/li>\n<\/ul>\n","protected":false},"excerpt":{"rendered":"<p data-start=\"1397\" data-end=\"1717\">Louez le clavier Korg Pa700 Oriental, un arrangeur \u00e0 61 touches avec une amplification puissante de 25W et des sons orientaux exclusifs. Parfait pour les performances musicales, les installations DJ et les sessions en studio. Louez-le pour n&#8217;importe quelle dur\u00e9e avec des options de tarification flexibles.<\/p>\n","protected":false},"featured_media":10511,"comment_status":"open","ping_status":"closed","template":"","meta":{"_acf_changed":false},"store":[],"product_brand":[],"product_cat":[2350,2353],"product_tag":[],"class_list":{"0":"post-10508","1":"product","2":"type-product","3":"status-publish","4":"has-post-thumbnail","6":"product_cat-medias-et-production","7":"product_cat-societes-dinstallation-sonore-et-video","8":"product_shipping_class-prestataire-solo-equipement-leger","9":"pa_event-type-anniversaire","10":"pa_event-type-autre","11":"pa_event-type-fete-privee","12":"pa_event-type-mariage","13":"pa_language-proficiency-anglais","14":"pa_language-proficiency-arabe","15":"pa_language-proficiency-espagnol","16":"pa_language-proficiency-francais","17":"pa_partners-headquarters-casablanca-fr","18":"pa_partners-headquarters-tanger-assilah-fr","19":"pa_partners-headquarters-tetouan-fr","20":"pa_service-scope-locale","21":"pa_service-scope-nationale","22":"pa_service-scope-regionale","24":"first","25":"instock","26":"sold-individually","27":"taxable","28":"shipping-taxable","29":"purchasable","30":"product-type-booking"},"exclude_global_add_ons":false,"addons":[{"name":"Cable XLR 5m","type":"input_multiplier","position":0,"required":false,"title_format":"label","default":"","description_enable":false,"description":"","placeholder_enable":false,"placeholder":"","display":"select","restrictions_type":"any_text","adjust_price":true,"price":"30","price_type":"quantity_based","restrictions":true,"min":"0","max":"20","options":[]},{"name":"Cable XLR 10m","type":"input_multiplier","position":1,"required":false,"title_format":"label","default":"","description_enable":false,"description":"","placeholder_enable":false,"placeholder":"","display":"select","restrictions_type":"any_text","adjust_price":true,"price":"30","price_type":"quantity_based","restrictions":true,"min":"0","max":"20","options":[]}],"acf":[],"_links":{"self":[{"href":"https:\/\/organexia.com\/fr\/wp-json\/wp\/v2\/product\/10508","targetHints":{"allow":["GET"]}}],"collection":[{"href":"https:\/\/organexia.com\/fr\/wp-json\/wp\/v2\/product"}],"about":[{"href":"https:\/\/organexia.com\/fr\/wp-json\/wp\/v2\/types\/product"}],"replies":[{"embeddable":true,"href":"https:\/\/organexia.com\/fr\/wp-json\/wp\/v2\/comments?post=10508"}],"wp:featuredmedia":[{"embeddable":true,"href":"https:\/\/organexia.com\/fr\/wp-json\/wp\/v2\/media\/10511"}],"wp:attachment":[{"href":"https:\/\/organexia.com\/fr\/wp-json\/wp\/v2\/media?parent=10508"}],"wp:term":[{"taxonomy":"store","embeddable":true,"href":"https:\/\/organexia.com\/fr\/wp-json\/wp\/v2\/store?post=10508"},{"taxonomy":"product_brand","embeddable":true,"href":"https:\/\/organexia.com\/fr\/wp-json\/wp\/v2\/product_brand?post=10508"},{"taxonomy":"product_cat","embeddable":true,"href":"https:\/\/organexia.com\/fr\/wp-json\/wp\/v2\/product_cat?post=10508"},{"taxonomy":"product_tag","embeddable":true,"href":"https:\/\/organexia.com\/fr\/wp-json\/wp\/v2\/product_tag?post=10508"}],"curies":[{"name":"wp","href":"https:\/\/api.w.org\/{rel}","templated":true}]}}