
{"id":10515,"date":"2025-03-01T12:03:45","date_gmt":"2025-03-01T12:03:45","guid":{"rendered":"https:\/\/organexia.com\/?post_type=product&#038;p=10515"},"modified":"2025-03-11T13:40:25","modified_gmt":"2025-03-11T13:40:25","slug":"hk-linear-7-118sa-caisson-de-basse-amplifie","status":"publish","type":"product","link":"https:\/\/organexia.com\/fr\/vendor\/rockma\/product\/hk-linear-7-118sa-caisson-de-basse-amplifie\/","title":{"rendered":"HK Linear 7 118SA \u2013 Caisson de basse Amplifi\u00e9 1&#215;18&#8243; 2KW pour \u00c9v\u00e9nements Live"},"content":{"rendered":"<p data-start=\"0\" data-end=\"356\">D\u00e9couvrez la puissance des <strong data-start=\"55\" data-end=\"87\">basses profondes et pr\u00e9cises<\/strong> avec le HK Linear 7 118SA, un caisson de basses con\u00e7u pour sublimer vos concerts, soir\u00e9es DJ et \u00e9v\u00e9nements live. Con\u00e7u pour la <strong data-start=\"215\" data-end=\"229\">simplicit\u00e9<\/strong> d\u2019utilisation par des utilisateurs non techniques, il offre une <strong data-start=\"294\" data-end=\"316\">solution intuitive<\/strong> pour dynamiser votre exp\u00e9rience sonore.<\/p>\n<p data-start=\"358\" data-end=\"1259\">Sous son ext\u00e9rieur convivial se cache une <strong data-start=\"400\" data-end=\"427\">technologie DSP avanc\u00e9e<\/strong>, dot\u00e9e d\u2019un <strong data-start=\"440\" data-end=\"488\">\u00e9galiseur 10 bandes enti\u00e8rement param\u00e9trique<\/strong>, de <strong data-start=\"493\" data-end=\"516\">fonctions de retard<\/strong> et de <strong data-start=\"523\" data-end=\"535\">limiteur<\/strong> pour une personnalisation sonore sans compromis. Sa plateforme DSP contr\u00f4l\u00e9e via <strong data-start=\"617\" data-end=\"629\">Ethernet<\/strong> et sa compatibilit\u00e9 avec le <strong data-start=\"658\" data-end=\"677\">protocole Milan<\/strong> vous permettent de g\u00e9rer \u00e0 distance plusieurs enceintes LINEAR via une <strong data-start=\"749\" data-end=\"771\">application d\u00e9di\u00e9e<\/strong> (compatible avec Windows, Mac OS, et bient\u00f4t iPad). De plus, sa fonction <strong data-start=\"845\" data-end=\"871\">cardio\u00efde configurable<\/strong> assure une couverture ultra-pr\u00e9cise des fr\u00e9quences avec une distorsion minimale, tandis que des <strong data-start=\"968\" data-end=\"1010\">convertisseurs haute r\u00e9solution 96 kHz<\/strong>, un <strong data-start=\"1015\" data-end=\"1031\">filtrage FIR<\/strong> et une <strong data-start=\"1039\" data-end=\"1057\">faible latence<\/strong> garantissent une clart\u00e9 sonore exceptionnelle. La finition en <strong data-start=\"1120\" data-end=\"1144\">laque noire \u00e9l\u00e9gante<\/strong> et son <strong data-start=\"1152\" data-end=\"1174\">design ergonomique<\/strong> avec des options de montage polyvalentes compl\u00e8tent ce dispositif haute performance.<\/p>\n<p data-start=\"1261\" data-end=\"1293\"><strong data-start=\"1261\" data-end=\"1291\">Tarification de location :<\/strong><\/p>\n<ul data-start=\"1294\" data-end=\"1466\">\n<li data-start=\"1294\" data-end=\"1318\">Pour 1 jour : 900 Dh<\/li>\n<li data-start=\"1319\" data-end=\"1344\">Pour 2 jours : 850 Dh<\/li>\n<li data-start=\"1345\" data-end=\"1374\">Pour 3 \u00e0 4 jours : 800 Dh<\/li>\n<li data-start=\"1375\" data-end=\"1404\">Pour 5 \u00e0 7 jours : 750 Dh<\/li>\n<li data-start=\"1405\" data-end=\"1434\">Pour 8 \u00e0 9 jours : 700 Dh<\/li>\n<li data-start=\"1435\" data-end=\"1466\">\u00c0 partir de 10 jours : 650 Dh<\/li>\n<\/ul>\n","protected":false},"excerpt":{"rendered":"<p data-start=\"1397\" data-end=\"1717\">Le HK Linear 7 118SA est votre partenaire id\u00e9al pour les \u00e9v\u00e9nements live \u2014 offrant des <strong data-start=\"1602\" data-end=\"1634\">basses puissantes et claires<\/strong> qui transforment chaque performance en une <strong data-start=\"1678\" data-end=\"1704\">exp\u00e9rience inoubliable<\/strong> gr\u00e2ce \u00e0 une <strong data-start=\"1717\" data-end=\"1751\">installation simple et directe<\/strong>.<\/p>\n","protected":false},"featured_media":10517,"comment_status":"open","ping_status":"closed","template":"","meta":{"_acf_changed":false},"store":[],"product_brand":[],"product_cat":[2350,2353],"product_tag":[],"class_list":{"0":"post-10515","1":"product","2":"type-product","3":"status-publish","4":"has-post-thumbnail","6":"product_cat-medias-et-production","7":"product_cat-societes-dinstallation-sonore-et-video","8":"product_shipping_class-prestataire-solo-equipement-leger","9":"pa_event-type-anniversaire","10":"pa_event-type-autre","11":"pa_event-type-fete-privee","12":"pa_event-type-mariage","13":"pa_language-proficiency-anglais","14":"pa_language-proficiency-arabe","15":"pa_language-proficiency-espagnol","16":"pa_language-proficiency-francais","17":"pa_partners-headquarters-casablanca-fr","18":"pa_partners-headquarters-tanger-assilah-fr","19":"pa_partners-headquarters-tetouan-fr","20":"pa_service-scope-locale","21":"pa_service-scope-nationale","22":"pa_service-scope-regionale","24":"first","25":"instock","26":"sold-individually","27":"taxable","28":"shipping-taxable","29":"purchasable","30":"product-type-booking"},"exclude_global_add_ons":false,"addons":[{"name":"Cable XLR 5m","type":"input_multiplier","position":0,"required":false,"title_format":"label","default":"","description_enable":false,"description":"","placeholder_enable":false,"placeholder":"","display":"select","restrictions_type":"any_text","adjust_price":true,"price":"30","price_type":"quantity_based","restrictions":true,"min":"0","max":"20","options":[],"id":1741700423},{"name":"Cable XLR 10m","type":"input_multiplier","position":1,"required":false,"title_format":"label","default":"","description_enable":false,"description":"","placeholder_enable":false,"placeholder":"","display":"select","restrictions_type":"any_text","adjust_price":true,"price":"30","price_type":"quantity_based","restrictions":true,"min":"0","max":"20","options":[],"id":1741700424}],"acf":[],"_links":{"self":[{"href":"https:\/\/organexia.com\/fr\/wp-json\/wp\/v2\/product\/10515","targetHints":{"allow":["GET"]}}],"collection":[{"href":"https:\/\/organexia.com\/fr\/wp-json\/wp\/v2\/product"}],"about":[{"href":"https:\/\/organexia.com\/fr\/wp-json\/wp\/v2\/types\/product"}],"replies":[{"embeddable":true,"href":"https:\/\/organexia.com\/fr\/wp-json\/wp\/v2\/comments?post=10515"}],"wp:featuredmedia":[{"embeddable":true,"href":"https:\/\/organexia.com\/fr\/wp-json\/wp\/v2\/media\/10517"}],"wp:attachment":[{"href":"https:\/\/organexia.com\/fr\/wp-json\/wp\/v2\/media?parent=10515"}],"wp:term":[{"taxonomy":"store","embeddable":true,"href":"https:\/\/organexia.com\/fr\/wp-json\/wp\/v2\/store?post=10515"},{"taxonomy":"product_brand","embeddable":true,"href":"https:\/\/organexia.com\/fr\/wp-json\/wp\/v2\/product_brand?post=10515"},{"taxonomy":"product_cat","embeddable":true,"href":"https:\/\/organexia.com\/fr\/wp-json\/wp\/v2\/product_cat?post=10515"},{"taxonomy":"product_tag","embeddable":true,"href":"https:\/\/organexia.com\/fr\/wp-json\/wp\/v2\/product_tag?post=10515"}],"curies":[{"name":"wp","href":"https:\/\/api.w.org\/{rel}","templated":true}]}}