
{"id":10529,"date":"2025-03-01T12:42:38","date_gmt":"2025-03-01T12:42:38","guid":{"rendered":"https:\/\/organexia.com\/?post_type=product&#038;p=10529"},"modified":"2025-03-11T13:26:17","modified_gmt":"2025-03-11T13:26:17","slug":"presonus-air-15-sub-caisson-de-basse-actif-15","status":"publish","type":"product","link":"https:\/\/organexia.com\/fr\/vendor\/rockma\/product\/presonus-air-15-sub-caisson-de-basse-actif-15\/","title":{"rendered":"Presonus Air 15 Sub \u2013 Caisson de basse actif 15\u201d pour des basses dynamiques"},"content":{"rendered":"<p data-start=\"91\" data-end=\"453\">D\u00e9couvrez la nouvelle s\u00e9rie AIR de Presonus avec le Presonus Air 15 Sub, un caisson de basse actif de <strong data-start=\"213\" data-end=\"220\">15\u201d<\/strong> con\u00e7u pour offrir des <strong data-start=\"243\" data-end=\"274\">basses riches et dynamiques<\/strong> lors de vos \u00e9v\u00e9nements. Id\u00e9al pour les concerts live, soir\u00e9es DJ ou installations fixes, il propose une <strong data-start=\"379\" data-end=\"415\">exp\u00e9rience sonore exceptionnelle<\/strong> tout en restant simple d\u2019utilisation.<\/p>\n<p data-start=\"455\" data-end=\"1254\">Derri\u00e8re cette interface conviviale se cache une conception hybride intelligente qui combine les avantages des amplificateurs de classe D pour les basses et de classe A\/B pour les aigus. \u00c9quip\u00e9 d\u2019un <strong data-start=\"654\" data-end=\"671\">driver de 15&#8243;<\/strong> et d\u00e9livrant jusqu\u2019\u00e0 <strong data-start=\"693\" data-end=\"725\">1200W de puissance dynamique<\/strong>, il garantit une reproduction optimale sur une plage de fr\u00e9quences de 35 Hz \u00e0 150 Hz. Parmi ses fonctionnalit\u00e9s cl\u00e9s, retrouvez un <strong data-start=\"857\" data-end=\"887\">filtre coupe-haut variable<\/strong>, l\u2019option <strong data-start=\"898\" data-end=\"912\">&#8220;Mo\u2019 Bass&#8221;<\/strong> pour \u00e9tendre le spectre des basses, un <strong data-start=\"952\" data-end=\"974\">delay d\u2019alignement<\/strong> pouvant aller jusqu\u2019\u00e0 12 m, et une <strong data-start=\"1010\" data-end=\"1035\">inversion de polarit\u00e9<\/strong> pour une int\u00e9gration pr\u00e9cise dans votre syst\u00e8me. Sa construction en <strong data-start=\"1104\" data-end=\"1119\">bois massif<\/strong> avec finition noire \u00e9l\u00e9gante, grille en acier, poign\u00e9es ergonomiques et roulettes int\u00e9gr\u00e9es facilitent l\u2019installation et le transport.<\/p>\n<p data-start=\"1256\" data-end=\"1288\"><strong data-start=\"1256\" data-end=\"1286\">Tarification de location :<\/strong><\/p>\n<ul data-start=\"1289\" data-end=\"1461\">\n<li data-start=\"1289\" data-end=\"1313\">Pour 1 jour : 900 Dh<\/li>\n<li data-start=\"1314\" data-end=\"1339\">Pour 2 jours : 850 Dh<\/li>\n<li data-start=\"1340\" data-end=\"1369\">Pour 3 \u00e0 4 jours : 800 Dh<\/li>\n<li data-start=\"1370\" data-end=\"1399\">Pour 5 \u00e0 7 jours : 750 Dh<\/li>\n<li data-start=\"1400\" data-end=\"1429\">Pour 8 \u00e0 9 jours : 700 Dh<\/li>\n<li data-start=\"1430\" data-end=\"1461\">\u00c0 partir de 10 jours : 650 Dh<\/li>\n<\/ul>\n","protected":false},"excerpt":{"rendered":"<p data-start=\"1397\" data-end=\"1717\">Le Presonus Air 15 Sub est votre solution id\u00e9ale pour des <strong data-start=\"1555\" data-end=\"1588\">basses dynamiques et pr\u00e9cises<\/strong>. Ce caisson de basse actif de 15\u201d transforme vos \u00e9v\u00e9nements en exp\u00e9riences sonores inoubliables gr\u00e2ce \u00e0 une installation simple et rapide.<\/p>\n","protected":false},"featured_media":10535,"comment_status":"open","ping_status":"closed","template":"","meta":{"_acf_changed":false},"store":[],"product_brand":[],"product_cat":[2350,2353],"product_tag":[],"class_list":{"0":"post-10529","1":"product","2":"type-product","3":"status-publish","4":"has-post-thumbnail","6":"product_cat-medias-et-production","7":"product_cat-societes-dinstallation-sonore-et-video","8":"product_shipping_class-prestataire-solo-equipement-leger","9":"pa_event-type-anniversaire","10":"pa_event-type-autre","11":"pa_event-type-fete-privee","12":"pa_event-type-mariage","13":"pa_language-proficiency-anglais","14":"pa_language-proficiency-arabe","15":"pa_language-proficiency-espagnol","16":"pa_language-proficiency-francais","17":"pa_partners-headquarters-casablanca-fr","18":"pa_partners-headquarters-tanger-assilah-fr","19":"pa_partners-headquarters-tetouan-fr","20":"pa_service-scope-locale","21":"pa_service-scope-nationale","22":"pa_service-scope-regionale","24":"first","25":"instock","26":"sold-individually","27":"taxable","28":"shipping-taxable","29":"purchasable","30":"product-type-booking"},"exclude_global_add_ons":false,"addons":[{"name":"Cable XLR 5m","type":"input_multiplier","position":0,"required":false,"title_format":"label","default":"","description_enable":false,"description":"","placeholder_enable":false,"placeholder":"","display":"select","restrictions_type":"any_text","adjust_price":true,"price":"30","price_type":"quantity_based","restrictions":true,"min":"0","max":"20","options":[]},{"name":"Cable XLR 10m","type":"input_multiplier","position":1,"required":false,"title_format":"label","default":"","description_enable":false,"description":"","placeholder_enable":false,"placeholder":"","display":"select","restrictions_type":"any_text","adjust_price":true,"price":"30","price_type":"quantity_based","restrictions":true,"min":"0","max":"20","options":[]}],"acf":[],"_links":{"self":[{"href":"https:\/\/organexia.com\/fr\/wp-json\/wp\/v2\/product\/10529","targetHints":{"allow":["GET"]}}],"collection":[{"href":"https:\/\/organexia.com\/fr\/wp-json\/wp\/v2\/product"}],"about":[{"href":"https:\/\/organexia.com\/fr\/wp-json\/wp\/v2\/types\/product"}],"replies":[{"embeddable":true,"href":"https:\/\/organexia.com\/fr\/wp-json\/wp\/v2\/comments?post=10529"}],"wp:featuredmedia":[{"embeddable":true,"href":"https:\/\/organexia.com\/fr\/wp-json\/wp\/v2\/media\/10535"}],"wp:attachment":[{"href":"https:\/\/organexia.com\/fr\/wp-json\/wp\/v2\/media?parent=10529"}],"wp:term":[{"taxonomy":"store","embeddable":true,"href":"https:\/\/organexia.com\/fr\/wp-json\/wp\/v2\/store?post=10529"},{"taxonomy":"product_brand","embeddable":true,"href":"https:\/\/organexia.com\/fr\/wp-json\/wp\/v2\/product_brand?post=10529"},{"taxonomy":"product_cat","embeddable":true,"href":"https:\/\/organexia.com\/fr\/wp-json\/wp\/v2\/product_cat?post=10529"},{"taxonomy":"product_tag","embeddable":true,"href":"https:\/\/organexia.com\/fr\/wp-json\/wp\/v2\/product_tag?post=10529"}],"curies":[{"name":"wp","href":"https:\/\/api.w.org\/{rel}","templated":true}]}}