
{"id":10603,"date":"2025-03-01T17:14:57","date_gmt":"2025-03-01T17:14:57","guid":{"rendered":"https:\/\/organexia.com\/?post_type=product&#038;p=10603"},"modified":"2025-03-04T16:33:30","modified_gmt":"2025-03-04T16:33:30","slug":"florida-bar-ii-projecteurs-led-sur-pied-4-en-1","status":"publish","type":"product","link":"https:\/\/organexia.com\/fr\/vendor\/rockma\/product\/florida-bar-ii-projecteurs-led-sur-pied-4-en-1\/","title":{"rendered":"Florida Bar II \u2013 Projecteurs LED sur pied 4-en-1"},"content":{"rendered":"<p data-start=\"0\" data-end=\"559\">Le Florida Bar II est un syst\u00e8me d&#8217;\u00e9clairage <strong data-start=\"65\" data-end=\"75\">4-en-1<\/strong> con\u00e7u pour apporter des effets vibrants \u00e0 votre \u00e9v\u00e9nement. Il inclut <strong data-start=\"145\" data-end=\"162\">2 LED PAR RGB<\/strong>, <strong data-start=\"164\" data-end=\"192\">2 lumi\u00e8res \u00e0 effet Derby<\/strong>, un <strong data-start=\"197\" data-end=\"209\">Laser RG<\/strong> et un effet stroboscopique avec <strong data-start=\"242\" data-end=\"260\" data-is-only-node=\"\">4 LED blanches<\/strong>, cr\u00e9ant ainsi des visuels \u00e9poustouflants pour toutes les occasions. Le syst\u00e8me s&#8217;installe facilement sur un tr\u00e9pied t\u00e9lescopique r\u00e9glable de <strong data-start=\"402\" data-end=\"422\">1,5 \u00e0 2,5 m\u00e8tres<\/strong> et offre de multiples options de contr\u00f4le : <strong data-start=\"467\" data-end=\"475\">Auto<\/strong>, <strong data-start=\"477\" data-end=\"488\">Musical<\/strong> (avec micro int\u00e9gr\u00e9), <strong data-start=\"511\" data-end=\"527\">Master\/Slave<\/strong> ou <strong data-start=\"531\" data-end=\"538\">DMX<\/strong> (jusqu&#8217;\u00e0 27 canaux).<\/p>\n<p data-start=\"561\" data-end=\"934\">Pour une personnalisation accrue, vous pouvez laisser une demande pour les ambiances que vous souhaitez cr\u00e9er. Vous avez \u00e9galement la possibilit\u00e9 d&#8217;ajouter un technicien pour programmer les sc\u00e8nes, contr\u00f4ler l&#8217;\u00e9clairage \u00e0 distance via DMX et ajuster l&#8217;ambiance lumineuse pendant l&#8217;\u00e9v\u00e9nement. De plus, am\u00e9liorez votre exp\u00e9rience d&#8217;\u00e9clairage avec un effet de fum\u00e9e en option.<\/p>\n<p data-start=\"936\" data-end=\"1145\">Vous pouvez laisser votre demande pour les ambiances que vous souhaitez cr\u00e9er lors de votre \u00e9v\u00e9nement.<br data-start=\"1038\" data-end=\"1041\" \/>Il est \u00e9galement possible d&#8217;ajouter un <strong data-start=\"1080\" data-end=\"1098\">Lighting Smoke<\/strong> pour un meilleur rendu de vos effets lumineux.<\/p>\n<p data-start=\"1147\" data-end=\"1179\"><strong data-start=\"1147\" data-end=\"1177\">Tarification de location :<\/strong><\/p>\n<ul data-start=\"1180\" data-end=\"1311\">\n<li data-start=\"1180\" data-end=\"1204\">Pour 1 jour : 250 Dh<\/li>\n<li data-start=\"1205\" data-end=\"1230\">Pour 2 jours : 225 Dh<\/li>\n<li data-start=\"1231\" data-end=\"1258\">Pour 3-4 jours : 200 Dh<\/li>\n<li data-start=\"1259\" data-end=\"1286\">Pour 5-7 jours : 175 Dh<\/li>\n<li data-start=\"1287\" data-end=\"1311\">Pour 8+ jours : 150 Dh<\/li>\n<\/ul>\n","protected":false},"excerpt":{"rendered":"<p data-start=\"1397\" data-end=\"1717\">Louez le Florida Bar II, un puissant syst\u00e8me d&#8217;\u00e9clairage <strong data-start=\"1402\" data-end=\"1412\">4-en-1<\/strong> dot\u00e9 d&#8217;une <strong data-start=\"1424\" data-end=\"1439\">LED PAR RGB<\/strong>, d&#8217;effets <strong data-start=\"1450\" data-end=\"1459\">Derby<\/strong>, d&#8217;un <strong data-start=\"1466\" data-end=\"1478\">Laser RG<\/strong> et d&#8217;un effet stroboscopique. Parfait pour tout \u00e9v\u00e9nement, il est facile \u00e0 installer et cr\u00e9e un \u00e9clairage dynamique pour sublimer votre ambiance. Livraison rapide et installation simple incluses.<\/p>\n","protected":false},"featured_media":10577,"comment_status":"open","ping_status":"closed","template":"","meta":{"_acf_changed":false},"store":[],"product_brand":[],"product_cat":[2338,2340],"product_tag":[],"class_list":{"0":"post-10603","1":"product","2":"type-product","3":"status-publish","4":"has-post-thumbnail","6":"product_cat-decoration-et-equipements","7":"product_cat-societes-de-decoration-et-declairage","8":"product_shipping_class-prestataire-solo-equipement-leger","9":"pa_deco-equip-style-andalouse","10":"pa_deco-equip-style-berbere","11":"pa_deco-equip-style-classique","12":"pa_deco-equip-style-moderne","13":"pa_deco-equip-style-royal-marocaine","14":"pa_deco-equip-style-rustique","15":"pa_deco-equip-style-saharienne","16":"pa_deco-equip-style-vintage-fr","17":"pa_event-type-anniversaire","18":"pa_event-type-autre","19":"pa_event-type-fete-privee","20":"pa_event-type-mariage","21":"pa_language-proficiency-anglais","22":"pa_language-proficiency-arabe","23":"pa_language-proficiency-espagnol","24":"pa_language-proficiency-francais","25":"pa_partners-headquarters-casablanca-fr","26":"pa_partners-headquarters-tanger-assilah-fr","27":"pa_partners-headquarters-tetouan-fr","28":"pa_service-scope-locale","29":"pa_service-scope-nationale","30":"pa_service-scope-regionale","32":"first","33":"instock","34":"sold-individually","35":"taxable","36":"shipping-taxable","37":"purchasable","38":"product-type-booking"},"exclude_global_add_ons":false,"addons":[{"name":"Extras","type":"checkbox","position":0,"required":false,"title_format":"label","default":"","description_enable":false,"description":"","placeholder_enable":false,"placeholder":"","display":"select","restrictions_type":"any_text","adjust_price":false,"price":"","price_type":"flat_fee","restrictions":false,"min":"0","max":"0","options":[{"label":"Fum\u00e9e d'\u00e9clairage","price":"50","price_type":"quantity_based","image":0}],"id":1741105109},{"name":"Personnalisation de l'ambiance","type":"custom_textarea","position":1,"required":false,"title_format":"label","default":"","description_enable":true,"description":"Indiquez vos pr\u00e9f\u00e9rences d'ambiance lumineuse et nous pr\u00e9parons l'\u00e9clairage selon vos souhaits pour l'\u00e9v\u00e9nement.","placeholder_enable":false,"placeholder":"","display":"select","restrictions_type":"any_text","adjust_price":false,"price":"","price_type":"flat_fee","restrictions":true,"min":"0","max":"1000","options":[],"id":1741105107},{"name":"Commentaire","type":"custom_textarea","position":2,"required":false,"title_format":"label","default":"","description_enable":true,"description":"Vous pouvez laisser un commentaire pour poser vos questions et demandes.","placeholder_enable":false,"placeholder":"","display":"select","restrictions_type":"any_text","adjust_price":false,"price":"","price_type":"flat_fee","restrictions":true,"min":"0","max":"1000","options":[],"id":1741105108}],"acf":[],"_links":{"self":[{"href":"https:\/\/organexia.com\/fr\/wp-json\/wp\/v2\/product\/10603","targetHints":{"allow":["GET"]}}],"collection":[{"href":"https:\/\/organexia.com\/fr\/wp-json\/wp\/v2\/product"}],"about":[{"href":"https:\/\/organexia.com\/fr\/wp-json\/wp\/v2\/types\/product"}],"replies":[{"embeddable":true,"href":"https:\/\/organexia.com\/fr\/wp-json\/wp\/v2\/comments?post=10603"}],"wp:featuredmedia":[{"embeddable":true,"href":"https:\/\/organexia.com\/fr\/wp-json\/wp\/v2\/media\/10577"}],"wp:attachment":[{"href":"https:\/\/organexia.com\/fr\/wp-json\/wp\/v2\/media?parent=10603"}],"wp:term":[{"taxonomy":"store","embeddable":true,"href":"https:\/\/organexia.com\/fr\/wp-json\/wp\/v2\/store?post=10603"},{"taxonomy":"product_brand","embeddable":true,"href":"https:\/\/organexia.com\/fr\/wp-json\/wp\/v2\/product_brand?post=10603"},{"taxonomy":"product_cat","embeddable":true,"href":"https:\/\/organexia.com\/fr\/wp-json\/wp\/v2\/product_cat?post=10603"},{"taxonomy":"product_tag","embeddable":true,"href":"https:\/\/organexia.com\/fr\/wp-json\/wp\/v2\/product_tag?post=10603"}],"curies":[{"name":"wp","href":"https:\/\/api.w.org\/{rel}","templated":true}]}}