
{"id":10611,"date":"2025-03-01T17:55:55","date_gmt":"2025-03-01T17:55:55","guid":{"rendered":"https:\/\/organexia.com\/?post_type=product&#038;p=10611"},"modified":"2025-03-04T16:50:40","modified_gmt":"2025-03-04T16:50:40","slug":"pack-eclairage-ensemble-declairage-fiesta-7-en-1","status":"publish","type":"product","link":"https:\/\/organexia.com\/fr\/vendor\/rockma\/product\/pack-eclairage-ensemble-declairage-fiesta-7-en-1\/","title":{"rendered":"Pack \u00c9clairage &#8211; Ensemble d&#8217;\u00e9clairage Fiesta &#8211; 7 en 1"},"content":{"rendered":"<p data-start=\"652\" data-end=\"1472\">\u00c9levez votre soir\u00e9e ou \u00e9v\u00e9nement avec le <strong data-start=\"693\" data-end=\"708\">Pack Fiesta<\/strong> \u2013 une solution d&#8217;\u00e9clairage compl\u00e8te et percutante, con\u00e7ue pour des \u00e9v\u00e9nements exclusifs, soir\u00e9es DJ et performances live. Ce pack cr\u00e9e une atmosph\u00e8re vibrante et dynamique qui transforme tout espace en une exp\u00e9rience inoubliable.<\/p>\n<p data-start=\"652\" data-end=\"1472\"><strong data-start=\"939\" data-end=\"969\">L&#8217;installation est incluse<\/strong> : notre \u00e9quipe se charge de l&#8217;installation du mat\u00e9riel d&#8217;\u00e9clairage pour vous. De plus, si vous souhaitez qu&#8217;un <strong>technicien<\/strong> reste durant l&#8217;\u00e9v\u00e9nement pour <strong>programmer les sc\u00e8nes,<\/strong> <strong>contr\u00f4ler l&#8217;\u00e9clairage<\/strong> \u00e0 distance via DMX et <strong>modifier l&#8217;ambiance lumineuse<\/strong> selon vos besoins, vous pouvez <strong>ajouter cette option<\/strong>. Indiquez simplement vos <strong>pr\u00e9f\u00e9rences d&#8217;ambiance lumineuse<\/strong> et nous pr\u00e9parerons l&#8217;\u00e9clairage selon vos souhaits pour l&#8217;\u00e9v\u00e9nement (<strong>veuillez noter que cette option n\u00e9cessite la r\u00e9servation d&#8217;un technicien<\/strong>).<\/p>\n<p data-start=\"1474\" data-end=\"1499\">Le Pack Fiesta comprend :<\/p>\n<ul data-start=\"1501\" data-end=\"3570\">\n<li data-start=\"1501\" data-end=\"1800\"><strong data-start=\"1503\" data-end=\"1524\">Lighting MHE-60 :<\/strong> Une lyre wash LED \u00e9quip\u00e9e de 6 LED 15W RGBW combin\u00e9es \u00e0 un laser vert (50mW). Elle offre des effets wash fluides avec des mouvements de PAN jusqu&#8217;\u00e0 540\u00b0 et de TILT jusqu&#8217;\u00e0 230\u00b0. Disponible en modes Auto, Musical, Ma\u00eetre\/Esclave ou DMX pour un contr\u00f4le d&#8217;\u00e9clairage polyvalent.<\/li>\n<li data-start=\"1801\" data-end=\"2074\"><strong data-start=\"1803\" data-end=\"1829\">Lighting Spot MSR-60 :<\/strong> Un spot LED de 80W avec un anneau LED int\u00e9gr\u00e9. Il projette un puissant faisceau blanc compl\u00e9t\u00e9 par un anneau de 12 LED 0,5W RGB, produisant un large \u00e9ventail d&#8217;effets color\u00e9s gr\u00e2ce \u00e0 ses roues de gobos, de couleurs et son triple prisme rotatif.<\/li>\n<li data-start=\"2075\" data-end=\"2318\"><strong data-start=\"2077\" data-end=\"2097\">Lighting MB-80 :<\/strong> Un spot LED blanc de 80W offrant des effets de couleur, rainbow et stroboscope. Dot\u00e9 d&#8217;une roue rotative avec 12 gobos, 8 couleurs et des effets de double prisme, cet appareil ajoute des accents dynamiques \u00e0 votre sc\u00e8ne.<\/li>\n<li data-start=\"2319\" data-end=\"2633\"><strong data-start=\"2321\" data-end=\"2344\">Lighting Hybrid 4 :<\/strong> Une unit\u00e9 combo 4-en-1 polyvalente qui offre des effets derby, stroboscope, gobo et laser. Elle int\u00e8gre 6 LED 3W RGBW pour derby, un stroboscope de 20W, 4 LED 3W RGBW pour les effets gobo, ainsi que des lasers vert (50mW) et rouge (100mW) pour cr\u00e9er des spectacles visuels spectaculaires.<\/li>\n<li data-start=\"2634\" data-end=\"2898\"><strong data-start=\"2636\" data-end=\"2659\">Lighting Phebus 2 :<\/strong> Une machine 3-en-1 combinant les effets derby, stroboscope\/wash et laser. Avec ses nombreux programmes int\u00e9gr\u00e9s, son int\u00e9gration DMX et son micro interne pour la synchronisation avec la musique, elle dynamise en continu la piste de danse.<\/li>\n<li data-start=\"2899\" data-end=\"3164\"><strong data-start=\"2901\" data-end=\"2928\">Lighting Wash Zoom 19 :<\/strong> Une lyre wash zoom \u00e9quip\u00e9e de 19 LED 15W RGBW 4-en-1. Elle offre un angle de faisceau ajustable de 6\u00b0 \u00e0 50\u00b0 et des mouvements fluides avec PAN jusqu&#8217;\u00e0 540\u00b0 et TILT jusqu&#8217;\u00e0 270\u00b0, garantissant une couverture lumineuse large et immersive.<\/li>\n<li data-start=\"3165\" data-end=\"3570\"><strong data-start=\"3167\" data-end=\"3192\">Lighting Smoke S400 :<\/strong> Une machine \u00e0 fum\u00e9e compacte et efficace de 400W qui renforce vos spectacles lumineux. Elle se chauffe en seulement 4 minutes et produit un d\u00e9bit de fum\u00e9e d&#8217;environ 70 m\u00b3 par minute avec un jet atteignant environ 3 m\u00e8tres.<\/li>\n<\/ul>\n<p><strong data-start=\"0\" data-end=\"21\" data-is-only-node=\"\">Ajout optionnel :<\/strong><br data-start=\"21\" data-end=\"24\" \/>Pour un impact visuel suppl\u00e9mentaire, vous pouvez \u00e9galement inclure le <a href=\"https:\/\/organexia.com\/fr\/vendor\/rockma\/product\/florida-bar-ii-projecteurs-led-sur-pied-4-en-1\/\"><strong data-start=\"95\" data-end=\"147\">Florida Bar II \u2013 projecteurs LED sur pied 4-en-1<\/strong><\/a>. Ce syst\u00e8me polyvalent apporte des effets vibrants \u00e0 votre \u00e9v\u00e9nement gr\u00e2ce \u00e0 2 LED PAR RGB, 2 lumi\u00e8res \u00e0 effet Derby, un Laser RG et un effet stroboscopique avec 4 LED blanches, le tout mont\u00e9 sur un tr\u00e9pied t\u00e9lescopique r\u00e9glable de 1,5 \u00e0 2,5 m\u00e8tres. Il offre plusieurs options de contr\u00f4le telles que Auto, Musical (avec micro int\u00e9gr\u00e9), Ma\u00eetre\/Esclave et DMX (jusqu&#8217;\u00e0 27 canaux).<\/p>\n<p data-start=\"3572\" data-end=\"3604\"><strong data-start=\"3572\" data-end=\"3602\">Tarification de location :<\/strong><\/p>\n<ul data-start=\"3605\" data-end=\"3778\">\n<li data-start=\"3605\" data-end=\"3630\">Pour 1 jour : 1000 Dh<\/li>\n<li data-start=\"3631\" data-end=\"3656\">Pour 2 jours : 950 Dh<\/li>\n<li data-start=\"3657\" data-end=\"3686\">Pour 3 \u00e0 4 jours : 900 Dh<\/li>\n<li data-start=\"3687\" data-end=\"3716\">Pour 5 \u00e0 7 jours : 850 Dh<\/li>\n<li data-start=\"3717\" data-end=\"3746\">Pour 8 \u00e0 9 jours : 800 Dh<\/li>\n<li data-start=\"3747\" data-end=\"3778\">\u00c0 partir de 10 jours : 750 Dh<\/li>\n<\/ul>\n","protected":false},"excerpt":{"rendered":"<p data-start=\"1397\" data-end=\"1717\">Le Pack Fiesta est votre solution d&#8217;\u00e9clairage tout-en-un pour des soir\u00e9es exclusives et \u00e9v\u00e9nements live. Avec une gamme compl\u00e8te d&#8217;effets lumineux vibrants, une installation professionnelle incluse et une option d&#8217;assistance technicien, il cr\u00e9e une atmosph\u00e8re inoubliable qui transforme tout lieu en espace de f\u00eate dynamique.<\/p>\n","protected":false},"featured_media":10569,"comment_status":"open","ping_status":"closed","template":"","meta":{"_acf_changed":false},"store":[],"product_brand":[],"product_cat":[2338,2340],"product_tag":[],"class_list":{"0":"post-10611","1":"product","2":"type-product","3":"status-publish","4":"has-post-thumbnail","6":"product_cat-decoration-et-equipements","7":"product_cat-societes-de-decoration-et-declairage","8":"product_shipping_class-prestataire-solo-equipement-leger","9":"pa_deco-equip-style-andalouse","10":"pa_deco-equip-style-berbere","11":"pa_deco-equip-style-classique","12":"pa_deco-equip-style-moderne","13":"pa_deco-equip-style-royal-marocaine","14":"pa_deco-equip-style-rustique","15":"pa_deco-equip-style-saharienne","16":"pa_deco-equip-style-vintage-fr","17":"pa_event-type-anniversaire","18":"pa_event-type-autre","19":"pa_event-type-fete-privee","20":"pa_event-type-mariage","21":"pa_language-proficiency-anglais","22":"pa_language-proficiency-arabe","23":"pa_language-proficiency-espagnol","24":"pa_language-proficiency-francais","25":"pa_partners-headquarters-casablanca-fr","26":"pa_partners-headquarters-tanger-assilah-fr","27":"pa_partners-headquarters-tetouan-fr","28":"pa_service-scope-locale","29":"pa_service-scope-nationale","30":"pa_service-scope-regionale","32":"first","33":"instock","34":"sold-individually","35":"taxable","36":"shipping-taxable","37":"purchasable","38":"product-type-booking"},"exclude_global_add_ons":false,"addons":[{"name":"Produit suppl\u00e9mentaire","type":"checkbox","position":0,"required":false,"title_format":"label","default":"","description_enable":false,"description":"","placeholder_enable":false,"placeholder":"","display":"select","restrictions_type":"any_text","adjust_price":false,"price":"","price_type":"flat_fee","restrictions":false,"min":"0","max":"0","options":[{"label":"Florida Bar II \u2013 Projecteurs LED sur pied 4-en-1","price":"250","price_type":"quantity_based","image":0}],"id":1741105611},{"name":"Service Technicien","type":"checkbox","position":1,"required":false,"title_format":"label","default":"","description_enable":true,"description":"Ajoutez un technicien pour programmer les sc\u00e8nes, contr\u00f4ler l'\u00e9clairage \u00e0 distance via DMX, et modifier l'ambiance lumineuse en cours d'\u00e9v\u00e9nement selon vos besoins.","placeholder_enable":false,"placeholder":"","display":"select","restrictions_type":"any_text","adjust_price":false,"price":"","price_type":"flat_fee","restrictions":false,"min":"0","max":"0","options":[{"label":"Technicien Eclairage","price":"200","price_type":"quantity_based","image":0}],"id":1740848760},{"name":"Personnalisation de l'ambiance","type":"custom_textarea","position":2,"required":false,"title_format":"label","default":"","description_enable":true,"description":"Indiquez vos pr\u00e9f\u00e9rences d'ambiance lumineuse et nous pr\u00e9parons l'\u00e9clairage selon vos souhaits pour l'\u00e9v\u00e9nement. Cette option n\u00e9cessite de r\u00e9server un technicien.","placeholder_enable":false,"placeholder":"","display":"select","restrictions_type":"any_text","adjust_price":false,"price":"","price_type":"flat_fee","restrictions":true,"min":"0","max":"1000","options":[],"id":1740849012},{"name":"Commentaire","type":"custom_textarea","position":3,"required":false,"title_format":"label","default":"","description_enable":true,"description":"Vous pouvez laisser un commentaire pour poser vos questions et demandes.","placeholder_enable":false,"placeholder":"","display":"select","restrictions_type":"any_text","adjust_price":false,"price":"","price_type":"flat_fee","restrictions":true,"min":"0","max":"1000","options":[],"id":1740849013}],"acf":[],"_links":{"self":[{"href":"https:\/\/organexia.com\/fr\/wp-json\/wp\/v2\/product\/10611","targetHints":{"allow":["GET"]}}],"collection":[{"href":"https:\/\/organexia.com\/fr\/wp-json\/wp\/v2\/product"}],"about":[{"href":"https:\/\/organexia.com\/fr\/wp-json\/wp\/v2\/types\/product"}],"replies":[{"embeddable":true,"href":"https:\/\/organexia.com\/fr\/wp-json\/wp\/v2\/comments?post=10611"}],"wp:featuredmedia":[{"embeddable":true,"href":"https:\/\/organexia.com\/fr\/wp-json\/wp\/v2\/media\/10569"}],"wp:attachment":[{"href":"https:\/\/organexia.com\/fr\/wp-json\/wp\/v2\/media?parent=10611"}],"wp:term":[{"taxonomy":"store","embeddable":true,"href":"https:\/\/organexia.com\/fr\/wp-json\/wp\/v2\/store?post=10611"},{"taxonomy":"product_brand","embeddable":true,"href":"https:\/\/organexia.com\/fr\/wp-json\/wp\/v2\/product_brand?post=10611"},{"taxonomy":"product_cat","embeddable":true,"href":"https:\/\/organexia.com\/fr\/wp-json\/wp\/v2\/product_cat?post=10611"},{"taxonomy":"product_tag","embeddable":true,"href":"https:\/\/organexia.com\/fr\/wp-json\/wp\/v2\/product_tag?post=10611"}],"curies":[{"name":"wp","href":"https:\/\/api.w.org\/{rel}","templated":true}]}}