
{"id":10627,"date":"2025-03-04T16:43:58","date_gmt":"2025-03-04T16:43:58","guid":{"rendered":"https:\/\/organexia.com\/?post_type=product&#038;p=10627"},"modified":"2025-03-11T16:01:15","modified_gmt":"2025-03-11T16:01:15","slug":"pack-eclairage-tout-en-un","status":"publish","type":"product","link":"https:\/\/organexia.com\/fr\/vendor\/rockma\/product\/pack-eclairage-tout-en-un\/","title":{"rendered":"Pack \u00c9clairage Tout-en-Un"},"content":{"rendered":"<p data-start=\"0\" data-end=\"399\"><strong data-start=\"0\" data-end=\"98\">Transformez votre \u00e9v\u00e9nement en une exp\u00e9rience inoubliable avec notre Pack \u00c9clairage Tout-en-Un<\/strong> \u2013 une solution compl\u00e8te con\u00e7ue pour sublimer toutes les occasions, qu&#8217;il s&#8217;agisse d&#8217;un \u00e9v\u00e9nement d&#8217;entreprise, d&#8217;un festival, d&#8217;une soir\u00e9e, d&#8217;un concert ou d&#8217;une c\u00e9l\u00e9bration priv\u00e9e. Ce pack cr\u00e9e une ambiance vibrante et dynamique qui rehausse chaque instant, faisant v\u00e9ritablement briller votre lieu.<\/p>\n<p data-start=\"401\" data-end=\"880\">Profitez d&#8217;une gamme compl\u00e8te de mat\u00e9riel d&#8217;\u00e9clairage de pointe comprenant <strong data-start=\"476\" data-end=\"512\">5 impressionnants affichages LED<\/strong>, des <strong data-start=\"518\" data-end=\"539\">lasers dynamiques<\/strong>, des <strong data-start=\"545\" data-end=\"574\">effets de fum\u00e9e immersifs<\/strong> et les puissants <strong data-start=\"592\" data-end=\"635\">projecteurs LED sur pied Florida Bar II<\/strong> \u2013 le tout install\u00e9 professionnellement par notre \u00e9quipe d&#8217;experts. <strong data-start=\"703\" data-end=\"733\">L&#8217;installation est incluse<\/strong>, afin que vous puissiez vous concentrer sur la r\u00e9ussite de votre \u00e9v\u00e9nement pendant que nous nous occupons de tout mettre en place \u00e0 la perfection.<\/p>\n<p data-start=\"882\" data-end=\"1328\">De plus, si vous souhaitez qu&#8217;un technicien reste durant tout l&#8217;\u00e9v\u00e9nement pour programmer les sc\u00e8nes, contr\u00f4ler l&#8217;\u00e9clairage \u00e0 distance via DMX et ajuster l&#8217;ambiance lumineuse selon vos besoins, vous pouvez ajouter ce service en option. Indiquez simplement vos pr\u00e9f\u00e9rences en mati\u00e8re d&#8217;ambiance lumineuse et nous pr\u00e9parerons l&#8217;\u00e9clairage selon vos souhaits pour l&#8217;\u00e9v\u00e9nement. (Veuillez noter : cette option n\u00e9cessite la r\u00e9servation d&#8217;un technicien.)<\/p>\n<p data-start=\"1330\" data-end=\"1359\">Ce pack est un m\u00e9lange de :<\/p>\n<ul data-start=\"1360\" data-end=\"1527\">\n<li data-start=\"1360\" data-end=\"1408\"><a href=\"https:\/\/organexia.com\/fr\/vendor\/rockma\/product\/pack-eclairage-5-par-led\/\"><strong>Pack \u00c9clairage &#8211; 5 Par LED<\/strong><\/a><\/li>\n<li data-start=\"1409\" data-end=\"1472\"><a href=\"https:\/\/organexia.com\/fr\/vendor\/rockma\/product\/pack-eclairage-ensemble-declairage-fiesta-7-en-1\/\"><strong>Pack \u00c9clairage &#8211; Ensemble d&#8217;\u00e9clairage Fiesta &#8211; 7 en 1<\/strong><\/a><\/li>\n<li data-start=\"1473\" data-end=\"1527\"><a href=\"https:\/\/organexia.com\/fr\/vendor\/rockma\/product\/florida-bar-ii-projecteurs-led-sur-pied-4-en-1\/\"><strong>Florida Bar II \u2013 Projecteurs LED sur pied 4-en-1<\/strong><\/a><\/li>\n<\/ul>\n<p data-start=\"1529\" data-end=\"1561\"><strong data-start=\"1529\" data-end=\"1559\">Tarification de location :<\/strong><\/p>\n<ul data-start=\"1562\" data-end=\"1740\">\n<li data-start=\"1562\" data-end=\"1587\">Pour 1 jour : 1500 Dh<\/li>\n<li data-start=\"1588\" data-end=\"1614\">Pour 2 jours : 1450 Dh<\/li>\n<li data-start=\"1615\" data-end=\"1645\">Pour 3 \u00e0 4 jours : 1400 Dh<\/li>\n<li data-start=\"1646\" data-end=\"1676\">Pour 5 \u00e0 7 jours : 1350 Dh<\/li>\n<li data-start=\"1677\" data-end=\"1707\">Pour 8 \u00e0 9 jours : 1300 Dh<\/li>\n<li data-start=\"1708\" data-end=\"1740\">\u00c0 partir de 10 jours : 1250 Dh<\/li>\n<\/ul>\n","protected":false},"excerpt":{"rendered":"<p data-start=\"1397\" data-end=\"1717\">Notre <strong>Pack \u00c9clairage Tout-en-Un<\/strong> offre une solution <strong>compl\u00e8te<\/strong> et sans tracas pour transformer n&#8217;importe quel \u00e9v\u00e9nement avec des <strong>effets lumineux exceptionnels<\/strong>. Avec <strong>l&#8217;installation professionnelle<\/strong> <strong>incluse<\/strong> et une <strong>assistance technique en option<\/strong>, votre c\u00e9l\u00e9bration rayonnera d&#8217;une ambiance captivante.<\/p>\n","protected":false},"featured_media":10653,"comment_status":"open","ping_status":"closed","template":"","meta":{"_acf_changed":false},"store":[],"product_brand":[],"product_cat":[2338,2340],"product_tag":[],"class_list":{"0":"post-10627","1":"product","2":"type-product","3":"status-publish","4":"has-post-thumbnail","6":"product_cat-decoration-et-equipements","7":"product_cat-societes-de-decoration-et-declairage","8":"product_shipping_class-prestataire-solo-equipement-leger","9":"pa_deco-equip-style-andalouse","10":"pa_deco-equip-style-berbere","11":"pa_deco-equip-style-classique","12":"pa_deco-equip-style-moderne","13":"pa_deco-equip-style-royal-marocaine","14":"pa_deco-equip-style-rustique","15":"pa_deco-equip-style-saharienne","16":"pa_deco-equip-style-vintage-fr","17":"pa_event-type-anniversaire","18":"pa_event-type-autre","19":"pa_event-type-fete-privee","20":"pa_event-type-mariage","21":"pa_language-proficiency-anglais","22":"pa_language-proficiency-arabe","23":"pa_language-proficiency-espagnol","24":"pa_language-proficiency-francais","25":"pa_partners-headquarters-casablanca-fr","26":"pa_partners-headquarters-tanger-assilah-fr","27":"pa_partners-headquarters-tetouan-fr","28":"pa_service-scope-locale","29":"pa_service-scope-nationale","30":"pa_service-scope-regionale","32":"first","33":"instock","34":"sold-individually","35":"taxable","36":"shipping-taxable","37":"purchasable","38":"product-type-booking"},"exclude_global_add_ons":false,"addons":[{"name":"Service Technicien","type":"checkbox","position":0,"required":false,"title_format":"label","default":"","description_enable":true,"description":"Ajoutez un technicien pour programmer les sc\u00e8nes, contr\u00f4ler l'\u00e9clairage \u00e0 distance via DMX, et modifier l'ambiance lumineuse en cours d'\u00e9v\u00e9nement selon vos besoins.","placeholder_enable":false,"placeholder":"","display":"select","restrictions_type":"any_text","adjust_price":false,"price":"","price_type":"flat_fee","restrictions":false,"min":"0","max":"0","options":[{"label":"Technicien Eclairage","price":"200","price_type":"quantity_based","image":0}],"id":1740848760},{"name":"Personnalisation de l'ambiance","type":"custom_textarea","position":1,"required":false,"title_format":"label","default":"","description_enable":true,"description":"Indiquez vos pr\u00e9f\u00e9rences d'ambiance lumineuse et nous pr\u00e9parons l'\u00e9clairage selon vos souhaits pour l'\u00e9v\u00e9nement. Cette option n\u00e9cessite de r\u00e9server un technicien.","placeholder_enable":false,"placeholder":"","display":"select","restrictions_type":"any_text","adjust_price":false,"price":"","price_type":"flat_fee","restrictions":true,"min":"0","max":"1000","options":[],"id":1740849012},{"name":"Commentaire","type":"custom_textarea","position":2,"required":false,"title_format":"label","default":"","description_enable":true,"description":"Vous pouvez laisser un commentaire pour poser vos questions et demandes.","placeholder_enable":false,"placeholder":"","display":"select","restrictions_type":"any_text","adjust_price":false,"price":"","price_type":"flat_fee","restrictions":true,"min":"0","max":"1000","options":[],"id":1740849013}],"acf":[],"_links":{"self":[{"href":"https:\/\/organexia.com\/fr\/wp-json\/wp\/v2\/product\/10627","targetHints":{"allow":["GET"]}}],"collection":[{"href":"https:\/\/organexia.com\/fr\/wp-json\/wp\/v2\/product"}],"about":[{"href":"https:\/\/organexia.com\/fr\/wp-json\/wp\/v2\/types\/product"}],"replies":[{"embeddable":true,"href":"https:\/\/organexia.com\/fr\/wp-json\/wp\/v2\/comments?post=10627"}],"wp:featuredmedia":[{"embeddable":true,"href":"https:\/\/organexia.com\/fr\/wp-json\/wp\/v2\/media\/10653"}],"wp:attachment":[{"href":"https:\/\/organexia.com\/fr\/wp-json\/wp\/v2\/media?parent=10627"}],"wp:term":[{"taxonomy":"store","embeddable":true,"href":"https:\/\/organexia.com\/fr\/wp-json\/wp\/v2\/store?post=10627"},{"taxonomy":"product_brand","embeddable":true,"href":"https:\/\/organexia.com\/fr\/wp-json\/wp\/v2\/product_brand?post=10627"},{"taxonomy":"product_cat","embeddable":true,"href":"https:\/\/organexia.com\/fr\/wp-json\/wp\/v2\/product_cat?post=10627"},{"taxonomy":"product_tag","embeddable":true,"href":"https:\/\/organexia.com\/fr\/wp-json\/wp\/v2\/product_tag?post=10627"}],"curies":[{"name":"wp","href":"https:\/\/api.w.org\/{rel}","templated":true}]}}