
{"id":10647,"date":"2025-03-11T14:22:52","date_gmt":"2025-03-11T14:22:52","guid":{"rendered":"https:\/\/organexia.com\/?post_type=product&#038;p=10647"},"modified":"2025-03-11T15:02:28","modified_gmt":"2025-03-11T15:02:28","slug":"pack-sono-ultime-comprend-6-enceintes-solution-audio-complete","status":"publish","type":"product","link":"https:\/\/organexia.com\/fr\/vendor\/rockma\/product\/pack-sono-ultime-comprend-6-enceintes-solution-audio-complete\/","title":{"rendered":"Pack Sono Ultime (Comprend 6 Enceintes) \u2013 Solution Audio Compl\u00e8te"},"content":{"rendered":"<p data-start=\"0\" data-end=\"355\">Transformez votre \u00e9v\u00e9nement avec notre <strong data-start=\"152\" data-end=\"182\">Pack Syst\u00e8me Sonore Ultime<\/strong>. Cette solution audio compl\u00e8te comprend un ensemble de <strong data-start=\"238\" data-end=\"280\">six enceintes actives de haute qualit\u00e9<\/strong> \u2013 incluant <strong data-start=\"292\" data-end=\"328\">quatre enceintes <em data-start=\"188\" data-end=\"217\"><a href=\"https:\/\/organexia.com\/fr\/vendor\/rockma\/product\/sonorisation-paire-de-presonus-air-15\/\">PreSonus AIR 15<\/a><\/em><\/strong>\u00a0et <strong data-start=\"332\" data-end=\"369\" data-is-only-node=\"\">deux enceintes <a href=\"https:\/\/organexia.com\/fr\/vendor\/rockma\/product\/sonorisation-paire-denceintes-actives-hk-audio-l3-115-fa-linear-3\/\">HK Audio L3 115 FA<\/a><\/strong>\u00a0\u2013 associ\u00e9es \u00e0 une <a href=\"https:\/\/organexia.com\/fr\/vendor\/rockma\/product\/table-de-mixage-allen-heath-zed-22fx\/\"><strong data-start=\"296\" data-end=\"331\">table de mixage professionnelle<\/strong><\/a>\u00a0. Avec tous les c\u00e2bles n\u00e9cessaires et supports de fixation fournis, l&#8217;installation se fait sans tracas. Profitez de la performance polyvalente de PreSonus combin\u00e9e \u00e0 la clart\u00e9 sup\u00e9rieure des enceintes HK Audio.<\/p>\n<p data-start=\"601\" data-end=\"669\">Optimisez encore votre exp\u00e9rience avec nos options compl\u00e9mentaires :<\/p>\n<ul data-start=\"671\" data-end=\"1404\">\n<li data-start=\"671\" data-end=\"764\"><strong data-start=\"673\" data-end=\"702\">Table DJ : <a href=\"https:\/\/organexia.com\/fr\/vendor\/rockma\/product\/table-dj-pioneer-xdj-xz-2\/\">Pioneer XDJ-XZ<\/a><\/strong> pour des performances DJ fluides et dynamiques (<strong data-start=\"751\" data-end=\"762\">1500 Dh<\/strong>).<\/li>\n<li data-start=\"765\" data-end=\"1025\"><strong data-start=\"767\" data-end=\"803\">Subwoofers \/ Caissons de basse :<\/strong>\n<ul data-start=\"808\" data-end=\"1025\">\n<li data-start=\"808\" data-end=\"926\"><a href=\"https:\/\/organexia.com\/fr\/vendor\/rockma\/product\/hk-linear-7-118sa-caisson-de-basse-amplifie\/\">Subwoofers de la marque <strong data-start=\"834\" data-end=\"840\">HK<\/strong> <\/a>(jusqu&#8217;\u00e0 <strong data-start=\"850\" data-end=\"862\">2 unit\u00e9s<\/strong>) pour des basses profondes et percutantes (<strong data-start=\"906\" data-end=\"922\">900 Dh\/unit\u00e9<\/strong>).<\/li>\n<li data-start=\"929\" data-end=\"1025\"><a href=\"https:\/\/organexia.com\/vendor\/rockma\/product\/presonus-air-15-sub-active-15-subwoofer-for-dynamic-bass-performance\/\">Subwoofer de la marque <strong data-start=\"954\" data-end=\"966\">Presonus<\/strong><\/a> (max. <strong data-start=\"973\" data-end=\"984\">1 unit\u00e9<\/strong>) en alternative de qualit\u00e9 (<strong data-start=\"1013\" data-end=\"1023\">450 Dh<\/strong>).<\/li>\n<\/ul>\n<\/li>\n<li data-start=\"1026\" data-end=\"1157\"><strong data-start=\"1028\" data-end=\"1062\">Enceintes de retour de sc\u00e8ne :<\/strong> Enceintes suppl\u00e9mentaires (jusqu&#8217;\u00e0 <strong data-start=\"1098\" data-end=\"1110\">4 unit\u00e9s<\/strong>) pour un renfort sur sc\u00e8ne (<strong>250 Dh\/unit\u00e9<\/strong>).<\/li>\n<li data-start=\"1158\" data-end=\"1218\"><strong data-start=\"1160\" data-end=\"1198\">Microphones sans fil avec supports<\/strong> (<strong data-start=\"1200\" data-end=\"1216\">100 Dh\/micro<\/strong>).<\/li>\n<li data-start=\"1219\" data-end=\"1268\"><strong data-start=\"1221\" data-end=\"1249\">Microphones avec support<\/strong> (<strong data-start=\"1251\" data-end=\"1266\">50 Dh\/micro<\/strong>).<\/li>\n<li data-start=\"1269\" data-end=\"1404\"><strong data-start=\"1271\" data-end=\"1308\">Service Technicien Sonorisation :<\/strong> Ajoutez un technicien sonorisation pour garantir une distribution audio optimale en temps r\u00e9el.<\/li>\n<\/ul>\n<p data-start=\"1406\" data-end=\"1542\">L&#8217;installation professionnelle est incluse, et un support technique sur site est disponible en option pour une assistance personnalis\u00e9e.<\/p>\n<p data-start=\"1472\" data-end=\"1504\"><strong data-start=\"1472\" data-end=\"1502\">Tarification de Location :<\/strong><\/p>\n<ul data-start=\"1505\" data-end=\"1707\" data-is-last-node=\"\" data-is-only-node=\"\">\n<li data-start=\"1505\" data-end=\"1534\">Pour 1 jour : <strong data-start=\"1521\" data-end=\"1532\">2200 Dh<\/strong><\/li>\n<li data-start=\"1535\" data-end=\"1565\">Pour 2 jours : <strong data-start=\"1552\" data-end=\"1563\">2150 Dh<\/strong><\/li>\n<li data-start=\"1566\" data-end=\"1600\">Pour 3 \u00e0 4 jours : <strong data-start=\"1587\" data-end=\"1598\">2100 Dh<\/strong><\/li>\n<li data-start=\"1601\" data-end=\"1635\">Pour 5 \u00e0 7 jours : <strong data-start=\"1622\" data-end=\"1633\">2050 Dh<\/strong><\/li>\n<li data-start=\"1636\" data-end=\"1670\">Pour 8 \u00e0 9 jours : <strong data-start=\"1657\" data-end=\"1668\">2000 Dh<\/strong><\/li>\n<li data-start=\"1671\" data-end=\"1707\" data-is-last-node=\"\">\u00c0 partir de 10 jours : <strong data-start=\"1696\" data-end=\"1707\" data-is-last-node=\"\">1950 Dh<\/strong><\/li>\n<\/ul>\n","protected":false},"excerpt":{"rendered":"<p data-start=\"1776\" data-end=\"2023\">Louez notre <strong data-start=\"1813\" data-end=\"1846\">Pack Syst\u00e8me Sonore Ultime<\/strong> comprenant <strong>6<\/strong> <strong data-start=\"1862\" data-end=\"1891\">enceintes actives premium<\/strong>, une <strong data-start=\"1897\" data-end=\"1932\">table de mixage professionnelle<\/strong> et une gamme d&#8217;<strong data-start=\"1948\" data-end=\"1975\">options compl\u00e9mentaires<\/strong> \u2013 le tout \u00e0 des tarifs de location comp\u00e9titifs.<\/p>\n","protected":false},"featured_media":10636,"comment_status":"open","ping_status":"closed","template":"","meta":{"_acf_changed":false},"store":[],"product_brand":[],"product_cat":[2350,2353],"product_tag":[],"class_list":{"0":"post-10647","1":"product","2":"type-product","3":"status-publish","4":"has-post-thumbnail","6":"product_cat-medias-et-production","7":"product_cat-societes-dinstallation-sonore-et-video","8":"product_shipping_class-prestataire-solo-equipement-leger","9":"pa_event-type-anniversaire","10":"pa_event-type-autre","11":"pa_event-type-fete-privee","12":"pa_event-type-mariage","13":"pa_language-proficiency-anglais","14":"pa_language-proficiency-arabe","15":"pa_language-proficiency-espagnol","16":"pa_language-proficiency-francais","17":"pa_partners-headquarters-casablanca-fr","18":"pa_partners-headquarters-tanger-assilah-fr","19":"pa_partners-headquarters-tetouan-fr","20":"pa_service-scope-locale","21":"pa_service-scope-nationale","22":"pa_service-scope-regionale","24":"first","25":"instock","26":"sold-individually","27":"taxable","28":"shipping-taxable","29":"purchasable","30":"product-type-booking"},"exclude_global_add_ons":false,"addons":[{"name":"Extras","type":"heading","position":0,"required":false,"title_format":"label","default":"","description_enable":false,"description":"","placeholder_enable":false,"placeholder":"","display":"select","restrictions_type":"any_text","adjust_price":false,"price":"","price_type":"flat_fee","restrictions":false,"min":"0","max":"0","options":[],"id":1741696449},{"name":"Table DJ Pioneer XDJ-XZ","type":"checkbox","position":1,"required":false,"title_format":"label","default":"","description_enable":false,"description":"","placeholder_enable":false,"placeholder":"","display":"select","restrictions_type":"any_text","adjust_price":false,"price":"","price_type":"flat_fee","restrictions":false,"min":"0","max":"0","options":[{"label":"Ajouter Table DJ Pioneer XDJ-XZ","price":"1500","price_type":"quantity_based","image":0}],"id":1741116917},{"name":"Subwoofer \/ Caisson de Basse brand HK (max 2)","type":"input_multiplier","position":2,"required":false,"title_format":"label","default":"","description_enable":false,"description":"","placeholder_enable":false,"placeholder":"","display":"select","restrictions_type":"any_text","adjust_price":true,"price":"900","price_type":"quantity_based","restrictions":true,"min":"0","max":"2","options":[],"id":1741696450},{"name":"Subwoofer \/ Caisson de Basse brand Presonus (max1)","type":"input_multiplier","position":3,"required":false,"title_format":"label","default":"","description_enable":false,"description":"","placeholder_enable":false,"placeholder":"","display":"select","restrictions_type":"any_text","adjust_price":true,"price":"450","price_type":"quantity_based","restrictions":true,"min":"0","max":"1","options":[],"id":1741696451},{"name":"Enceintes retour de sc\u00e8ne","type":"input_multiplier","position":4,"required":false,"title_format":"label","default":"","description_enable":false,"description":"","placeholder_enable":false,"placeholder":"","display":"select","restrictions_type":"any_text","adjust_price":true,"price":"250","price_type":"quantity_based","restrictions":true,"min":"0","max":"4","options":[],"id":1741696447},{"name":"Nombre de microphones sans fil avec supports","type":"input_multiplier","position":5,"required":false,"title_format":"label","default":"","description_enable":false,"description":"","placeholder_enable":false,"placeholder":"","display":"select","restrictions_type":"any_text","adjust_price":true,"price":"100","price_type":"quantity_based","restrictions":true,"min":"0","max":"30","options":[],"id":1741125211},{"name":"Nombre de microphones avec support","type":"input_multiplier","position":6,"required":false,"title_format":"label","default":"","description_enable":false,"description":"","placeholder_enable":false,"placeholder":"","display":"select","restrictions_type":"any_text","adjust_price":true,"price":"50","price_type":"quantity_based","restrictions":true,"min":"0","max":"30","options":[],"id":1741696448},{"name":"Service Technicien","type":"checkbox","position":7,"required":false,"title_format":"label","default":"","description_enable":true,"description":"Ajoutez un technicien sonorisation pour garantir une diffusion sonore optimale en temps r\u00e9el.","placeholder_enable":false,"placeholder":"","display":"select","restrictions_type":"any_text","adjust_price":false,"price":"","price_type":"flat_fee","restrictions":false,"min":"0","max":"0","options":[{"label":"Technicien Sono","price":"200","price_type":"quantity_based","image":0}],"id":1741116918},{"name":"Commentaire","type":"custom_textarea","position":8,"required":false,"title_format":"label","default":"","description_enable":true,"description":"Vous pouvez laisser un commentaire pour poser vos questions et demandes.","placeholder_enable":false,"placeholder":"","display":"select","restrictions_type":"any_text","adjust_price":false,"price":"","price_type":"flat_fee","restrictions":true,"min":"0","max":"1000","options":[],"id":1741116920}],"acf":[],"_links":{"self":[{"href":"https:\/\/organexia.com\/fr\/wp-json\/wp\/v2\/product\/10647","targetHints":{"allow":["GET"]}}],"collection":[{"href":"https:\/\/organexia.com\/fr\/wp-json\/wp\/v2\/product"}],"about":[{"href":"https:\/\/organexia.com\/fr\/wp-json\/wp\/v2\/types\/product"}],"replies":[{"embeddable":true,"href":"https:\/\/organexia.com\/fr\/wp-json\/wp\/v2\/comments?post=10647"}],"wp:featuredmedia":[{"embeddable":true,"href":"https:\/\/organexia.com\/fr\/wp-json\/wp\/v2\/media\/10636"}],"wp:attachment":[{"href":"https:\/\/organexia.com\/fr\/wp-json\/wp\/v2\/media?parent=10647"}],"wp:term":[{"taxonomy":"store","embeddable":true,"href":"https:\/\/organexia.com\/fr\/wp-json\/wp\/v2\/store?post=10647"},{"taxonomy":"product_brand","embeddable":true,"href":"https:\/\/organexia.com\/fr\/wp-json\/wp\/v2\/product_brand?post=10647"},{"taxonomy":"product_cat","embeddable":true,"href":"https:\/\/organexia.com\/fr\/wp-json\/wp\/v2\/product_cat?post=10647"},{"taxonomy":"product_tag","embeddable":true,"href":"https:\/\/organexia.com\/fr\/wp-json\/wp\/v2\/product_tag?post=10647"}],"curies":[{"name":"wp","href":"https:\/\/api.w.org\/{rel}","templated":true}]}}