
{"id":6670,"date":"2024-11-06T05:27:13","date_gmt":"2024-11-06T04:27:13","guid":{"rendered":"https:\/\/organexia.com\/?post_type=product&#038;p=6670"},"modified":"2025-04-17T13:02:43","modified_gmt":"2025-04-17T12:02:43","slug":"photobooth-miroir-pack-platine","status":"publish","type":"product","link":"https:\/\/organexia.com\/fr\/vendor\/photoboothtetouan\/product\/photobooth-miroir-pack-platine\/","title":{"rendered":"Photobooth Miroir: Pack Platine"},"content":{"rendered":"<p class=\"MsoNormal\"><b>Miroir Photobooth : L&#8217;exp\u00e9rience interactive de capture de souvenirs<\/b><br \/>\nLe Miroir Photobooth est un \u00e9cran interactif en forme de miroir o\u00f9 vos invit\u00e9s peuvent se voir, poser, et se faire photographier en direct. Parfait pour les mariages, f\u00eates et \u00e9v\u00e9nements, ce photobooth ajoute une touche unique et personnalis\u00e9e \u00e0 chaque moment partag\u00e9.<\/p>\n<p class=\"MsoNormal\"><b>Pack Platine :<\/b><\/p>\n<ul style=\"margin-bottom: 0cm; font-size: medium;\" type=\"disc\">\n<li class=\"MsoNormal\">Installation compl\u00e8te du photobooth<\/li>\n<li class=\"MsoNormal\">Personnalisation de l\u2019\u00e9cran et des photos<\/li>\n<li class=\"MsoNormal\">Tirage photos illimit\u00e9 et instantan\u00e9 (possibilit\u00e9 de doubler le nombre de tirages en format A6)<\/li>\n<li class=\"MsoNormal\">Options de tirages vari\u00e9s (de 1 \u00e0 4 poses par feuille)<\/li>\n<li class=\"MsoNormal\">Livre d\u2019or pour les messages des invit\u00e9s<\/li>\n<li class=\"MsoNormal\">Galerie photos en ligne pour revivre chaque moment<\/li>\n<li class=\"MsoNormal\">Envoi des photos par mail<\/li>\n<li class=\"MsoNormal\">Pack complet d\u2019accessoires et d\u00e9guisements<\/li>\n<li class=\"MsoNormal\">Panneau de bienvenue personnalis\u00e9<\/li>\n<li class=\"MsoNormal\">Cadre Instagram pour des photos uniques<\/li>\n<li class=\"MsoNormal\">Assistance sur place<\/li>\n<\/ul>\n","protected":false},"excerpt":{"rendered":"<p class=\"MsoNormal\"><strong>Miroir Photobooth<\/strong> : un miroir qui capture chaque instant avec tirages illimit\u00e9s et accessoires festifs, pour des souvenirs uniques et m\u00e9morables.<\/p>\n","protected":false},"featured_media":6801,"comment_status":"open","ping_status":"closed","template":"","meta":{"_acf_changed":false},"store":[],"product_brand":[],"product_cat":[2351,2350],"product_tag":[],"class_list":{"0":"post-6670","1":"product","2":"type-product","3":"status-publish","4":"has-post-thumbnail","6":"product_cat-autres-services-de-medias-et-de-production","7":"product_cat-medias-et-production","8":"product_shipping_class-prestataire-solo-equipement-lourd","9":"pa_cancellable-oui-avec-des-conditions","10":"pa_event-type-anniversaire","11":"pa_event-type-autre","12":"pa_event-type-fete-privee","13":"pa_event-type-mariage","14":"pa_language-proficiency-anglais","15":"pa_language-proficiency-arabe","16":"pa_language-proficiency-francais","17":"pa_media-type-photographie","18":"pa_partners-headquarters-tetouan-fr","19":"pa_service-scope-locale","20":"pa_service-scope-regionale","22":"first","23":"instock","24":"sold-individually","25":"taxable","26":"shipping-taxable","27":"purchasable","28":"product-type-booking"},"exclude_global_add_ons":false,"addons":[{"name":"Nombre de photos suppl\u00e9mentaires","type":"input_multiplier","position":0,"required":false,"title_format":"label","default":"","description_enable":false,"description":"","placeholder_enable":false,"placeholder":"","display":"select","restrictions_type":"any_text","adjust_price":true,"price":"10","price_type":"quantity_based","restrictions":true,"min":"0","max":"50","options":[]}],"acf":[],"_links":{"self":[{"href":"https:\/\/organexia.com\/fr\/wp-json\/wp\/v2\/product\/6670","targetHints":{"allow":["GET"]}}],"collection":[{"href":"https:\/\/organexia.com\/fr\/wp-json\/wp\/v2\/product"}],"about":[{"href":"https:\/\/organexia.com\/fr\/wp-json\/wp\/v2\/types\/product"}],"replies":[{"embeddable":true,"href":"https:\/\/organexia.com\/fr\/wp-json\/wp\/v2\/comments?post=6670"}],"wp:featuredmedia":[{"embeddable":true,"href":"https:\/\/organexia.com\/fr\/wp-json\/wp\/v2\/media\/6801"}],"wp:attachment":[{"href":"https:\/\/organexia.com\/fr\/wp-json\/wp\/v2\/media?parent=6670"}],"wp:term":[{"taxonomy":"store","embeddable":true,"href":"https:\/\/organexia.com\/fr\/wp-json\/wp\/v2\/store?post=6670"},{"taxonomy":"product_brand","embeddable":true,"href":"https:\/\/organexia.com\/fr\/wp-json\/wp\/v2\/product_brand?post=6670"},{"taxonomy":"product_cat","embeddable":true,"href":"https:\/\/organexia.com\/fr\/wp-json\/wp\/v2\/product_cat?post=6670"},{"taxonomy":"product_tag","embeddable":true,"href":"https:\/\/organexia.com\/fr\/wp-json\/wp\/v2\/product_tag?post=6670"}],"curies":[{"name":"wp","href":"https:\/\/api.w.org\/{rel}","templated":true}]}}