
{"id":7239,"date":"2024-12-13T20:13:41","date_gmt":"2024-12-13T19:13:41","guid":{"rendered":"https:\/\/organexia.com\/?post_type=product&#038;p=7239"},"modified":"2024-12-20T19:47:05","modified_gmt":"2024-12-20T18:47:05","slug":"ecran-geant-led","status":"publish","type":"product","link":"https:\/\/organexia.com\/fr\/vendor\/bennani-events\/product\/ecran-geant-led\/","title":{"rendered":"Ecran g\u00e9ant Led"},"content":{"rendered":"<p><strong>Sublimez vos \u00e9v\u00e9nements avec nos \u00e9crans g\u00e9ants LED modulables et de haute qualit\u00e9.<\/strong><\/p>\n<p>Nous proposons un service de location d\u2019\u00e9crans LED adapt\u00e9s \u00e0 tous types d\u2019\u00e9v\u00e9nements : mariages, anniversaires, conf\u00e9rences, congr\u00e8s, festivals, et bien plus encore. Nos \u00e9crans sont enti\u00e8rement personnalisables et modulables pour s\u2019adapter \u00e0 vos besoins :<\/p>\n<ul>\n<li><strong>Surface d\u2019\u00e9cran modulable :<\/strong> Choisissez la taille dont vous avez besoin, \u00e0 partir de <strong>6m\u00b2<\/strong>.<\/li>\n<li><strong>Formes flexibles :<\/strong> L\u2019\u00e9cran peut \u00eatre assembl\u00e9 sous diff\u00e9rentes formes (rectangulaire, carr\u00e9, ou configuration personnalis\u00e9e), selon l\u2019espace et l\u2019esth\u00e9tique de votre \u00e9v\u00e9nement.<\/li>\n<\/ul>\n<p><strong>Points importants \u00e0 noter :<\/strong><\/p>\n<ul>\n<li>\n<p>Pour les \u00e9crans de <strong>6m\u00b2<\/strong>, une borne \u00e9lectrique situ\u00e9e \u00e0 une distance allant jusqu\u2019\u00e0 <strong>30 m\u00e8tres<\/strong> de l\u2019emplacement de l\u2019\u00e9cran ne pose aucun probl\u00e8me et <strong>aucun suppl\u00e9ment ne sera factur\u00e9<\/strong>.<br \/>En revanche, pour les \u00e9crans de taille sup\u00e9rieure \u00e0 <strong>6m\u00b2<\/strong>, une distance maximale de <strong>10 m\u00e8tres<\/strong> entre l\u2019alimentation \u00e9lectrique et l\u2019\u00e9cran est acceptable. <strong>Au-del\u00e0 de cette distance<\/strong>, des <strong>lignes de raccordement suppl\u00e9mentaires<\/strong> (c\u00e2bles) ou une <strong>armoire \u00e9lectrique<\/strong> devront \u00eatre ajout\u00e9es, en fonction des besoins. Ce service sera <strong>factur\u00e9 sur place par nous, Bennani Events<\/strong>, au tarif de <strong>1000 DH<\/strong>, si n\u00e9cessaire.<br \/>Nous ferons toutefois de notre mieux pour fournir des conseils techniques sur place et optimiser la configuration afin de limiter les co\u00fbts suppl\u00e9mentaires.<\/p>\n<\/li>\n<li>\n<p>Pour les \u00e9v\u00e9nements dans les pr\u00e9fectures de <strong>Tanger<\/strong> et <strong>Chefchaouen<\/strong>, nous proposons l&#8217;option d\u2019installer l\u2019\u00e9cran un jour \u00e0 l\u2019avance moyennant des frais suppl\u00e9mentaires, car l\u2019\u00e9quipe devra se d\u00e9placer deux fois sur le lieu de l\u2019\u00e9v\u00e9nement.<\/p>\n<\/li>\n<\/ul>\n<p><strong>Notre processus en 3 \u00e9tapes :<\/strong><\/p>\n<ol>\n<li><strong>Installation avant l&#8217;\u00e9v\u00e9nement :<\/strong>\u00a0Notre \u00e9quipe installe l\u2019\u00e9cran et termine l\u2019installation au moins deux heures avant le d\u00e9but de l\u2019\u00e9v\u00e9nement, afin de v\u00e9rifier son bon fonctionnement.<\/li>\n<li><strong>Surveillance pendant l&#8217;\u00e9v\u00e9nement :<\/strong> Un technicien reste sur place pour intervenir en cas de besoin.<\/li>\n<li><strong>D\u00e9montage apr\u00e8s l\u2019\u00e9v\u00e9nement :<\/strong> L\u2019\u00e9cran et la structure sont soigneusement d\u00e9sinstall\u00e9s apr\u00e8s la fin de votre \u00e9v\u00e9nement.<\/li>\n<\/ol>\n<p><strong>Pourquoi choisir notre service ?<\/strong><\/p>\n<ul>\n<li>\u00c9crans LED de <strong>tr\u00e8s haute gamme<\/strong> pour une qualit\u00e9 d&#8217;image et de vid\u00e9o exceptionnelle.<\/li>\n<li>Flexibilit\u00e9 totale dans la configuration et la taille de l\u2019\u00e9cran pour s\u2019adapter \u00e0 vos besoins sp\u00e9cifiques.<\/li>\n<li><strong>Large couverture g\u00e9ographique<\/strong> :\n<ul>\n<li>T\u00e9touan, M\u2019diq, Fnideq, Martil (sans frais de transport).<\/li>\n<li>Tanger, Assilah, Larache, Chefchaouen, Ksar El Kebir, Ouezzane, Kenitra, Rabat, Sal\u00e9, Mohammedia, Casablanca, El Jadida, Settat, Marrakech, F\u00e8s, Mekn\u00e8s, Ifrane (chaque ville ayant des frais de transport \u00e0 v\u00e9rifier avant r\u00e9servation).<\/li>\n<\/ul>\n<\/li>\n<\/ul>\n<p><strong>Faites de vos \u00e9v\u00e9nements un moment inoubliable gr\u00e2ce \u00e0 nos \u00e9crans g\u00e9ants LED modulables.<\/strong><\/p>\n","protected":false},"excerpt":{"rendered":"<p>Donnez du prestige a vos \u00e9v\u00e9nements avec nos \u00e9crans g\u00e9ants LED. Personnalisez la forme et la surface de l\u2019\u00e9cran selon vos besoins<\/p>\n","protected":false},"featured_media":7236,"comment_status":"open","ping_status":"closed","template":"","meta":{"_acf_changed":false},"store":[],"product_brand":[],"product_cat":[2350,2353],"product_tag":[2683,2682],"class_list":{"0":"post-7239","1":"product","2":"type-product","3":"status-publish","4":"has-post-thumbnail","6":"product_cat-medias-et-production","7":"product_cat-societes-dinstallation-sonore-et-video","8":"product_tag-location-ecran-geant","9":"product_tag-location-ecran-led","10":"product_shipping_class-grande-equipe-equipement-lourd","11":"pa_cancellable-oui-avec-des-conditions","12":"pa_event-type-anniversaire","13":"pa_event-type-autre","14":"pa_event-type-fete-privee","15":"pa_event-type-mariage","16":"pa_language-proficiency-anglais","17":"pa_language-proficiency-arabe","18":"pa_language-proficiency-espagnol","19":"pa_language-proficiency-francais","20":"pa_partners-headquarters-tetouan-fr","22":"first","23":"instock","24":"sold-individually","25":"taxable","26":"shipping-taxable","27":"purchasable","28":"product-type-booking"},"exclude_global_add_ons":false,"addons":[{"name":"Additional options","type":"checkbox","position":0,"required":false,"title_format":"label","default":"","description_enable":true,"description":"For events in the Tangier or Chefchaouen prefectures","placeholder_enable":false,"placeholder":"","display":"select","restrictions_type":"any_text","adjust_price":false,"price":"0","price_type":"flat_fee","restrictions":false,"min":"0","max":"0","options":[{"label":"Installation one day before","price":"500","price_type":"flat_fee","image":0}]}],"acf":[],"_links":{"self":[{"href":"https:\/\/organexia.com\/fr\/wp-json\/wp\/v2\/product\/7239","targetHints":{"allow":["GET"]}}],"collection":[{"href":"https:\/\/organexia.com\/fr\/wp-json\/wp\/v2\/product"}],"about":[{"href":"https:\/\/organexia.com\/fr\/wp-json\/wp\/v2\/types\/product"}],"replies":[{"embeddable":true,"href":"https:\/\/organexia.com\/fr\/wp-json\/wp\/v2\/comments?post=7239"}],"wp:featuredmedia":[{"embeddable":true,"href":"https:\/\/organexia.com\/fr\/wp-json\/wp\/v2\/media\/7236"}],"wp:attachment":[{"href":"https:\/\/organexia.com\/fr\/wp-json\/wp\/v2\/media?parent=7239"}],"wp:term":[{"taxonomy":"store","embeddable":true,"href":"https:\/\/organexia.com\/fr\/wp-json\/wp\/v2\/store?post=7239"},{"taxonomy":"product_brand","embeddable":true,"href":"https:\/\/organexia.com\/fr\/wp-json\/wp\/v2\/product_brand?post=7239"},{"taxonomy":"product_cat","embeddable":true,"href":"https:\/\/organexia.com\/fr\/wp-json\/wp\/v2\/product_cat?post=7239"},{"taxonomy":"product_tag","embeddable":true,"href":"https:\/\/organexia.com\/fr\/wp-json\/wp\/v2\/product_tag?post=7239"}],"curies":[{"name":"wp","href":"https:\/\/api.w.org\/{rel}","templated":true}]}}