
{"id":7287,"date":"2024-12-14T19:15:14","date_gmt":"2024-12-14T18:15:14","guid":{"rendered":"https:\/\/organexia.com\/?post_type=product&#038;p=7287"},"modified":"2024-12-14T20:49:55","modified_gmt":"2024-12-14T19:49:55","slug":"pack-basic-video-full-hd-illimite-et-album-200-photos-13x18-copy-2","status":"publish","type":"product","link":"https:\/\/organexia.com\/fr\/vendor\/labo-studio-rachid-dfouf\/product\/pack-basic-video-full-hd-illimite-et-album-200-photos-13x18-copy-2\/","title":{"rendered":"Pack Avanc\u00e9: Vid\u00e9o Full HD Illimit\u00e9, une vid\u00e9o &#8220;Best Of&#8221; et Album 200 Photos 13&#215;18"},"content":{"rendered":"<div class=\"flex-shrink-0 flex flex-col relative items-end\">\n<div class=\"pt-0\">\n<div class=\"gizmo-bot-avatar flex h-8 w-8 items-center justify-center overflow-hidden rounded-full\">\n<h3 class=\"relative p-1 rounded-sm flex items-center justify-center bg-token-main-surface-primary text-token-text-primary h-8 w-8\"><strong>Processus :<\/strong><\/h3>\n<\/div>\n<\/div>\n<\/div>\n<div class=\"group\/conversation-turn relative flex w-full min-w-0 flex-col agent-turn\">\n<div class=\"flex-col gap-1 md:gap-3\">\n<div class=\"flex max-w-full flex-col flex-grow\">\n<div class=\"min-h-8 text-message flex w-full flex-col items-end gap-2 whitespace-normal break-words text-start [.text-message+&amp;]:mt-5\" dir=\"auto\" data-message-author-role=\"assistant\" data-message-id=\"197e15c2-510f-49a3-bcc8-0d4e2dc791b9\" data-message-model-slug=\"gpt-4o\">\n<div class=\"flex w-full flex-col gap-1 empty:hidden first:pt-[3px]\">\n<div class=\"markdown prose w-full break-words dark:prose-invert dark\">\n<ul>\n<li><strong>Vid\u00e9o :<\/strong> Une cam\u00e9ra Full HD (1920&#215;1080) couvre l\u2019int\u00e9gralit\u00e9 de votre \u00e9v\u00e9nement avec une dur\u00e9e illimit\u00e9e, capturant chaque instant important.<\/li>\n<li><strong>Vid\u00e9o &#8220;Best of&#8221; :<\/strong> Une vid\u00e9o mont\u00e9e professionnellement (4-8 minutes) qui met en lumi\u00e8re les meilleurs moments de votre \u00e9v\u00e9nement.<\/li>\n<li><strong>Photographie :<\/strong> Un photographe professionnel prend des clich\u00e9s, avec 200 photos imprim\u00e9es au <strong>format 13&#215;18<\/strong> et les photos restantes livr\u00e9es sur une cl\u00e9 USB pour un acc\u00e8s facile.<\/li>\n<li><strong>Livraison :<\/strong> Toutes les photos et vid\u00e9os sont soigneusement \u00e9dit\u00e9es et livr\u00e9es dans un d\u00e9lai de 15 jours apr\u00e8s la s\u00e9lection des photos.<\/li>\n<\/ul>\n<h3><strong>Objectifs :<\/strong><\/h3>\n<ul>\n<li style=\"list-style-type: none;\">\n<ul>\n<li>Offrir une couverture compl\u00e8te et de haute qualit\u00e9 pour immortaliser votre \u00e9v\u00e9nement.<\/li>\n<li>Fournir des souvenirs tangibles sous forme d\u2019un album et des supports num\u00e9riques pour une conservation durable.<\/li>\n<li>Ajouter une touche cr\u00e9ative avec une vid\u00e9o &#8220;best of&#8221; qui raconte l\u2019histoire de votre \u00e9v\u00e9nement.<\/li>\n<\/ul>\n<\/li>\n<\/ul>\n<h3><strong>Avantages Cl\u00e9s et Points Diff\u00e9renciateurs :<\/strong><\/h3>\n<ul>\n<li>Inclus un <strong>deuxi\u00e8me jour gratuit<\/strong> : Ce jour peut \u00eatre avant ou apr\u00e8s le jour principal de la grande festivit\u00e9 (par exemple, Henna, Hammam, etc.) et est adapt\u00e9 pour des c\u00e9l\u00e9brations plus intimes.<\/li>\n<li>Possibilit\u00e9 de rajouter des jours suppl\u00e9mentaires :\n<ul>\n<li>Pour un <strong>troisi\u00e8me jour<\/strong> (au lieu de 2) : <strong>+900 DH\u00a0<\/strong><\/li>\n<li>Pour un <strong>quatri\u00e8me jour<\/strong> (au lieu de 2) : <strong>+300 DH<\/strong> (total additionel:<strong>+1200 dh<\/strong>)<\/li>\n<\/ul>\n<\/li>\n<li>Livraisons rapides avec des services adapt\u00e9s \u00e0 vos besoins.<\/li>\n<\/ul>\n<h3><strong>Public Cible :<\/strong><\/h3>\n<ul>\n<li>Mariages<\/li>\n<li>F\u00eates priv\u00e9es<\/li>\n<li>\u00c9v\u00e9nements d\u2019entreprise ou associatifs<\/li>\n<\/ul>\n<h3><strong>Villes Desservies :<\/strong><\/h3>\n<p>Tanger, T\u00e9touan, Ksar El Kebir, Larache, K\u00e9nitra, Rabat, Sal\u00e9, Casablanca<\/p>\n<\/div>\n<\/div>\n<\/div>\n<\/div>\n<\/div>\n<\/div>\n","protected":false},"excerpt":{"rendered":"<p>Immortalisez vos moments pr\u00e9cieux avec une vid\u00e9o Full HD illimit\u00e9e, un album de 200 photos et une vid\u00e9o &#8220;best of&#8221; mont\u00e9e professionnellement (4-8 minutes).<\/p>\n","protected":false},"featured_media":9834,"comment_status":"open","ping_status":"closed","template":"","meta":{"_acf_changed":false},"store":[],"product_brand":[],"product_cat":[2350,2352],"product_tag":[],"class_list":{"0":"post-7287","1":"product","2":"type-product","3":"status-publish","4":"has-post-thumbnail","6":"product_cat-medias-et-production","7":"product_cat-photographes-et-videastes","8":"product_shipping_class-petite-equipe-equipement-leger","9":"pa_cancellable-oui-avec-des-conditions","10":"pa_event-type-anniversaire","11":"pa_event-type-autre","12":"pa_event-type-fete-privee","13":"pa_event-type-mariage","14":"pa_language-proficiency-anglais","15":"pa_language-proficiency-arabe","16":"pa_language-proficiency-espagnol","17":"pa_language-proficiency-francais","18":"pa_media-type-photographie","19":"pa_media-type-videographie","20":"pa_partners-headquarters-tanger-assilah-fr","21":"pa_service-scope-locale","22":"pa_service-scope-nationale","23":"pa_service-scope-regionale","25":"first","26":"instock","27":"sold-individually","28":"taxable","29":"shipping-taxable","30":"purchasable","31":"product-type-booking"},"exclude_global_add_ons":false,"addons":[{"name":"Equipements Premium","type":"checkbox","position":0,"required":false,"title_format":"label","default":"","description_enable":false,"description":"","placeholder_enable":false,"placeholder":"","display":"select","restrictions_type":"any_text","adjust_price":false,"price":"","price_type":"flat_fee","restrictions":false,"min":"0","max":"0","options":[{"label":"Drone","price":"1500","price_type":"flat_fee","image":0},{"label":"Photobooth 360\u00ba","price":"1500","price_type":"flat_fee","image":0},{"label":"Ecran g\u00e9ant 3m x 2m","price":"5000","price_type":"flat_fee","image":0}],"id":1736966237},{"name":"Ecrans 55 pouces","type":"input_multiplier","position":1,"required":false,"title_format":"label","default":"","description_enable":false,"description":"","placeholder_enable":false,"placeholder":"","display":"select","restrictions_type":"any_text","adjust_price":true,"price":"600","price_type":"quantity_based","restrictions":true,"min":"0","max":"5","options":[],"id":1736966238},{"name":"Ecrans 65 pouces","type":"input_multiplier","position":2,"required":false,"title_format":"label","default":"","description_enable":false,"description":"","placeholder_enable":false,"placeholder":"","display":"select","restrictions_type":"any_text","adjust_price":true,"price":"700","price_type":"quantity_based","restrictions":true,"min":"0","max":"5","options":[],"id":1736966239},{"name":"Cam\u00e9ras en +","type":"input_multiplier","position":3,"required":false,"title_format":"label","default":"","description_enable":false,"description":"","placeholder_enable":false,"placeholder":"","display":"select","restrictions_type":"any_text","adjust_price":true,"price":"1000","price_type":"quantity_based","restrictions":true,"min":"0","max":"2","options":[],"id":1736966240},{"name":"Jours additionnels","type":"multiple_choice","position":4,"required":false,"title_format":"label","default":"","description_enable":true,"description":"Vous avez la possibilit\u00e9 de rajouter un troisi\u00e8me ou quatri\u00e8me jour pour les couvrir en photos et video.","placeholder_enable":false,"placeholder":"","display":"select","restrictions_type":"any_text","adjust_price":false,"price":"","price_type":"flat_fee","restrictions":false,"min":"0","max":"0","options":[{"label":"Ajouter un 3\u00e8me jour","price":"900","price_type":"flat_fee","image":0},{"label":"Ajouter un 3\u00e8me et un 4\u00e8me jour","price":"1200","price_type":"flat_fee","image":0}],"id":1736966241},{"name":"Date 2\u00e8me jour","type":"custom_text","position":5,"required":false,"title_format":"label","default":"","description_enable":true,"description":"Entrez la date de la 2\u00e8me journ\u00e9e. format: jjmmaaaa (ddmmyyyy). exemple: 26012025","placeholder_enable":false,"placeholder":"","display":"select","restrictions_type":"only_numbers","adjust_price":false,"price":"","price_type":"flat_fee","restrictions":true,"min":"0","max":"8","options":[],"id":1736966242},{"name":"Date 3\u00e8me jour (si choisi)","type":"custom_text","position":6,"required":false,"title_format":"label","default":"","description_enable":true,"description":"format: jjmmaaaa (ddmmyyyy)","placeholder_enable":false,"placeholder":"","display":"select","restrictions_type":"only_numbers","adjust_price":false,"price":"","price_type":"flat_fee","restrictions":true,"min":"0","max":"8","options":[],"id":1736966243},{"name":"Date 4\u00e8me jour (si choisi)","type":"custom_text","position":7,"required":false,"title_format":"label","default":"","description_enable":true,"description":"format: jjmmaaaa (ddmmyyyy)","placeholder_enable":false,"placeholder":"","display":"select","restrictions_type":"any_text","adjust_price":false,"price":"","price_type":"flat_fee","restrictions":true,"min":"0","max":"8","options":[],"id":1736966244}],"acf":[],"_links":{"self":[{"href":"https:\/\/organexia.com\/fr\/wp-json\/wp\/v2\/product\/7287","targetHints":{"allow":["GET"]}}],"collection":[{"href":"https:\/\/organexia.com\/fr\/wp-json\/wp\/v2\/product"}],"about":[{"href":"https:\/\/organexia.com\/fr\/wp-json\/wp\/v2\/types\/product"}],"replies":[{"embeddable":true,"href":"https:\/\/organexia.com\/fr\/wp-json\/wp\/v2\/comments?post=7287"}],"wp:featuredmedia":[{"embeddable":true,"href":"https:\/\/organexia.com\/fr\/wp-json\/wp\/v2\/media\/9834"}],"wp:attachment":[{"href":"https:\/\/organexia.com\/fr\/wp-json\/wp\/v2\/media?parent=7287"}],"wp:term":[{"taxonomy":"store","embeddable":true,"href":"https:\/\/organexia.com\/fr\/wp-json\/wp\/v2\/store?post=7287"},{"taxonomy":"product_brand","embeddable":true,"href":"https:\/\/organexia.com\/fr\/wp-json\/wp\/v2\/product_brand?post=7287"},{"taxonomy":"product_cat","embeddable":true,"href":"https:\/\/organexia.com\/fr\/wp-json\/wp\/v2\/product_cat?post=7287"},{"taxonomy":"product_tag","embeddable":true,"href":"https:\/\/organexia.com\/fr\/wp-json\/wp\/v2\/product_tag?post=7287"}],"curies":[{"name":"wp","href":"https:\/\/api.w.org\/{rel}","templated":true}]}}