
{"id":9934,"date":"2025-01-29T15:04:10","date_gmt":"2025-01-29T14:04:10","guid":{"rendered":"https:\/\/organexia.com\/?post_type=product&#038;p=9934"},"modified":"2025-02-03T22:23:40","modified_gmt":"2025-02-03T21:23:40","slug":"dinner-sax-live","status":"publish","type":"product","link":"https:\/\/organexia.com\/fr\/vendor\/miyadi-sax\/product\/dinner-sax-live\/","title":{"rendered":"D\u00eener Sax Live"},"content":{"rendered":"<p>Apportez une touche raffin\u00e9e \u00e0 votre d\u00eener avec une <strong>performance live de saxophone<\/strong>, ajoutant <strong>\u00e9l\u00e9gance et charme<\/strong> \u00e0 votre repas.<\/p>\n<p>\ud83d\udccc <strong>Dur\u00e9e :<\/strong> <strong>30 minutes<\/strong>, avec une option d\u2019extension de <strong>30 minutes suppl\u00e9mentaires<\/strong> pour <strong>1 000 DH<\/strong>, soit un total de <strong>2 500 DH<\/strong> (hors frais de transport).<\/p>\n<p>\ud83c\udfb5 <strong>Demandes musicales :<\/strong> Les clients peuvent demander des morceaux sp\u00e9cifiques \u00e0 l\u2019avance. Les demandes doivent \u00eatre soumises <strong>au moins 15 jours avant l\u2019\u00e9v\u00e9nement<\/strong> pour garantir leur pr\u00e9paration.<\/p>\n<p>\ud83d\udd52 <strong>Installation &amp; Soundcheck :<\/strong> Je m\u2019engage \u00e0 arriver sur le lieu de l\u2019\u00e9v\u00e9nement <strong>au moins 2 heures avant la performance<\/strong> pour l\u2019installation et les r\u00e9glages sonores, assurant une exp\u00e9rience optimale.<\/p>\n<hr>\n<h3><strong>Pourquoi choisir notre service ?<\/strong><\/h3>\n<p>\ud83c\udfb7 <strong>Exp\u00e9rience confirm\u00e9e :<\/strong> Plus de <strong>7 ans<\/strong> d\u2019exp\u00e9rience en saxophone.<br \/>\ud83c\udfb7 <strong>R\u00e9pertoire vari\u00e9 :<\/strong> Un <strong>large choix de morceaux<\/strong>, avec possibilit\u00e9 de demandes personnalis\u00e9es.<br \/>\ud83c\udfb7 <strong>Couverture g\u00e9ographique \u00e9tendue :<\/strong><\/p>\n<ul>\n<li><strong>Aucun frais de transport<\/strong> pour les \u00e9v\u00e9nements \u00e0 <strong>Tanger,\u00a0<strong>Assilah<\/strong>, T\u00e9touan,<\/strong><strong> M\u2019diq, Fnideq, Martil<\/strong>.<\/li>\n<li>Disponible \u00e0<strong> Larache, Chefchaouen, K\u00e9nitra, Rabat, Sal\u00e9, Mohammedia, Casablanca et Marrakech, Agadir<\/strong> (frais de transport variables selon la ville).<\/li>\n<\/ul>\n","protected":false},"excerpt":{"rendered":"<p>Profitez de votre repas avec une <strong>performance live de saxophone<\/strong> douce et \u00e9l\u00e9gante. <strong>Dur\u00e9e : 30 minutes<\/strong>, avec une option d\u2019extension jusqu\u2019\u00e0 <strong>1 heure<\/strong>.<\/p>\n<h4><\/h4>\n","protected":false},"featured_media":9979,"comment_status":"open","ping_status":"closed","template":"","meta":{"_acf_changed":false},"store":[],"product_brand":[],"product_cat":[2346,2349],"product_tag":[],"class_list":{"0":"post-9934","1":"product","2":"type-product","3":"status-publish","4":"has-post-thumbnail","6":"product_cat-divertissement","7":"product_cat-spectacles-en-direct","8":"product_shipping_class-prestataire-solo-equipement-leger","9":"pa_cancellable-non","10":"pa_event-type-anniversaire","11":"pa_event-type-autre","12":"pa_event-type-fete-privee","13":"pa_event-type-mariage","14":"pa_group-size-solo-fr","15":"pa_language-proficiency-anglais","16":"pa_language-proficiency-arabe","17":"pa_language-proficiency-francais","18":"pa_music-genre-andaloussi-fr","19":"pa_music-genre-autre","20":"pa_music-genre-autre-musique-marocaine","21":"pa_music-genre-chaabi-marocain","22":"pa_music-genre-classique","23":"pa_music-genre-electronique","24":"pa_music-genre-jazz-fr","25":"pa_music-genre-oriental-fr","26":"pa_music-genre-pop-fr","27":"pa_partners-headquarters-tanger-assilah-fr","28":"pa_performance-length-1-h-fr","29":"pa_performance-length-30-minutes","30":"pa_service-scope-locale","31":"pa_service-scope-nationale","32":"pa_service-scope-regionale","34":"first","35":"instock","36":"sold-individually","37":"taxable","38":"shipping-taxable","39":"purchasable","40":"product-type-booking"},"exclude_global_add_ons":false,"addons":[{"name":"Heure de performance","type":"custom_text","position":0,"required":true,"title_format":"label","default":"","description_enable":true,"description":"Merci de pr\u00e9ciser l\u2019heure exacte de ma performance et d\u2019indiquer si celle-ci a lieu apr\u00e8s minuit. Par exemple, si l\u2019\u00e9v\u00e9nement commence le samedi mais que ma prestation est pr\u00e9vue le dimanche \u00e0 2h00 du matin, veuillez le sp\u00e9cifier clairement. \ud83c\udfb7","placeholder_enable":false,"placeholder":"","display":"select","restrictions_type":"only_letters_numbers","adjust_price":false,"price":"0","price_type":"flat_fee","restrictions":true,"min":"0","max":"100","options":[]},{"name":"Dur\u00e9e de performance","type":"checkbox","position":1,"required":false,"title_format":"label","default":"","description_enable":false,"description":"","placeholder_enable":false,"placeholder":"","display":"select","restrictions_type":"any_text","adjust_price":false,"price":"0","price_type":"flat_fee","restrictions":false,"min":"0","max":"0","options":[{"label":"30 minutes additionnelle","price":"1000","price_type":"flat_fee","image":0}]},{"name":"S\u00e9lection musicale","type":"custom_textarea","position":2,"required":false,"title_format":"label","default":"","description_enable":true,"description":"Ajoutez vos morceaux pr\u00e9f\u00e9r\u00e9s, et je ferai de mon mieux pour honorer tous vos choix.","placeholder_enable":false,"placeholder":"","display":"select","restrictions_type":"any_text","adjust_price":false,"price":"0","price_type":"flat_fee","restrictions":true,"min":"0","max":"200","options":[]}],"acf":[],"_links":{"self":[{"href":"https:\/\/organexia.com\/fr\/wp-json\/wp\/v2\/product\/9934","targetHints":{"allow":["GET"]}}],"collection":[{"href":"https:\/\/organexia.com\/fr\/wp-json\/wp\/v2\/product"}],"about":[{"href":"https:\/\/organexia.com\/fr\/wp-json\/wp\/v2\/types\/product"}],"replies":[{"embeddable":true,"href":"https:\/\/organexia.com\/fr\/wp-json\/wp\/v2\/comments?post=9934"}],"wp:featuredmedia":[{"embeddable":true,"href":"https:\/\/organexia.com\/fr\/wp-json\/wp\/v2\/media\/9979"}],"wp:attachment":[{"href":"https:\/\/organexia.com\/fr\/wp-json\/wp\/v2\/media?parent=9934"}],"wp:term":[{"taxonomy":"store","embeddable":true,"href":"https:\/\/organexia.com\/fr\/wp-json\/wp\/v2\/store?post=9934"},{"taxonomy":"product_brand","embeddable":true,"href":"https:\/\/organexia.com\/fr\/wp-json\/wp\/v2\/product_brand?post=9934"},{"taxonomy":"product_cat","embeddable":true,"href":"https:\/\/organexia.com\/fr\/wp-json\/wp\/v2\/product_cat?post=9934"},{"taxonomy":"product_tag","embeddable":true,"href":"https:\/\/organexia.com\/fr\/wp-json\/wp\/v2\/product_tag?post=9934"}],"curies":[{"name":"wp","href":"https:\/\/api.w.org\/{rel}","templated":true}]}}