
{"id":9938,"date":"2025-01-29T16:04:58","date_gmt":"2025-01-29T15:04:58","guid":{"rendered":"https:\/\/organexia.com\/?post_type=product&#038;p=9938"},"modified":"2025-02-03T22:19:09","modified_gmt":"2025-02-03T21:19:09","slug":"entree-des-maries-robe-blanche","status":"publish","type":"product","link":"https:\/\/organexia.com\/fr\/vendor\/miyadi-sax\/product\/entree-des-maries-robe-blanche\/","title":{"rendered":"Entr\u00e9e des Mari\u00e9s \u2013 Robe Blanche"},"content":{"rendered":"<p>Offrez une entr\u00e9e spectaculaire aux mari\u00e9s avec une <strong>performance live de saxophone<\/strong>, sublimant ce moment unique avec des m\u00e9lodies \u00e9l\u00e9gantes et \u00e9mouvantes.<\/p>\n<p>\u2728 <strong>Prolongez la magie<\/strong> en laissant le saxophone accompagner les mari\u00e9s jusqu\u2019\u00e0 leur sortie. Cette touche musicale suppl\u00e9mentaire est disponible pour <strong>1 000 DH en suppl\u00e9ment<\/strong>, offrant une fin de soir\u00e9e encore plus m\u00e9morable. \ud83c\udfb7<\/p>\n<p>\ud83d\udccc <strong>Dur\u00e9e :<\/strong>\u00a0Performance pour l\u2019entr\u00e9e des mari\u00e9s avec <strong>4 morceaux de votre choix<\/strong> pour sublimer ce moment, avec une <strong>option d\u2019accompagnement musical jusqu\u2019\u00e0 la fin de la soir\u00e9e<\/strong>.<\/p>\n<p>\ud83c\udfb5 <strong>Demandes musicales :<\/strong> Les clients peuvent soumettre une liste de morceaux \u00e0 l\u2019avance. Les demandes doivent \u00eatre envoy\u00e9es <strong>au moins 15 jours avant l\u2019\u00e9v\u00e9nement<\/strong> pour assurer une parfaite ex\u00e9cution.<\/p>\n<p>\ud83d\udd52 <strong>Installation &amp; Soundcheck :<\/strong> Pr\u00e9sence sur le lieu <strong>au moins 2 heures avant la performance<\/strong> pour l\u2019installation et les r\u00e9glages sonores, garantissant une qualit\u00e9 optimale.<\/p>\n<hr>\n<h3><strong>Pourquoi choisir notre service ?<\/strong><\/h3>\n<p>\ud83c\udfb7 <strong>Exp\u00e9rience confirm\u00e9e :<\/strong> Plus de <strong>7 ans d\u2019exp\u00e9rience<\/strong> en tant que saxophoniste professionnel.<br \/>\ud83c\udfb7 <strong>R\u00e9pertoire vari\u00e9 :<\/strong> Un <strong>large choix de morceaux<\/strong>, avec possibilit\u00e9 de <strong>personnalisation<\/strong> selon vos pr\u00e9f\u00e9rences.<br \/>\ud83c\udfb7 <strong>Couverture g\u00e9ographique \u00e9tendue :<\/strong><\/p>\n<ul>\n<li><strong>Aucun frais de transport<\/strong> pour les \u00e9v\u00e9nements \u00e0 <strong>Tanger, Assilah, T\u00e9touan, M\u2019diq, Fnideq, Martil<\/strong>.<\/li>\n<li>Disponible \u00e0 <strong>Larache, Chefchaouen, K\u00e9nitra, Rabat, Sal\u00e9, Mohammedia, Casablanca, Marrakech, Agadir<\/strong> (frais de transport variables selon la ville).<\/li>\n<\/ul>\n<p>Cr\u00e9ez un moment inoubliable avec une entr\u00e9e des mari\u00e9s <strong>rythm\u00e9e par la beaut\u00e9 du saxophone<\/strong>. \ud83c\udfb7\u2728<\/p>\n","protected":false},"excerpt":{"rendered":"<p>Faites une <strong>entr\u00e9e inoubliable<\/strong> accompagn\u00e9e d\u2019une <strong>performance live de saxophone<\/strong>, cr\u00e9ant un moment <strong>magique et rempli d\u2019\u00e9motion<\/strong>.<\/p>\n","protected":false},"featured_media":9976,"comment_status":"open","ping_status":"closed","template":"","meta":{"_acf_changed":false},"store":[],"product_brand":[],"product_cat":[2346,2349],"product_tag":[],"class_list":{"0":"post-9938","1":"product","2":"type-product","3":"status-publish","4":"has-post-thumbnail","6":"product_cat-divertissement","7":"product_cat-spectacles-en-direct","8":"product_shipping_class-prestataire-solo-equipement-leger","9":"pa_cancellable-non","10":"pa_event-type-mariage","11":"pa_group-size-solo-fr","12":"pa_language-proficiency-anglais","13":"pa_language-proficiency-arabe","14":"pa_language-proficiency-francais","15":"pa_music-genre-andaloussi-fr","16":"pa_music-genre-autre","17":"pa_music-genre-autre-musique-marocaine","18":"pa_music-genre-chaabi-marocain","19":"pa_music-genre-classique","20":"pa_music-genre-electronique","21":"pa_music-genre-jazz-fr","22":"pa_music-genre-oriental-fr","23":"pa_music-genre-pop-fr","24":"pa_partners-headquarters-tanger-assilah-fr","25":"pa_performance-length-1-h-fr","26":"pa_performance-length-30-minutes","27":"pa_service-scope-locale","28":"pa_service-scope-nationale","29":"pa_service-scope-regionale","31":"first","32":"instock","33":"sold-individually","34":"taxable","35":"shipping-taxable","36":"purchasable","37":"product-type-booking"},"exclude_global_add_ons":false,"addons":[{"name":"Heure de performance","type":"custom_text","position":0,"required":true,"title_format":"label","default":"","description_enable":true,"description":"Merci de pr\u00e9ciser l\u2019heure exacte de ma performance et d\u2019indiquer si celle-ci a lieu apr\u00e8s minuit. Par exemple, si l\u2019\u00e9v\u00e9nement commence le samedi mais que ma prestation est pr\u00e9vue le dimanche \u00e0 2h00 du matin, veuillez le sp\u00e9cifier clairement. \ud83c\udfb7","placeholder_enable":false,"placeholder":"","display":"select","restrictions_type":"only_letters_numbers","adjust_price":false,"price":"0","price_type":"flat_fee","restrictions":true,"min":"0","max":"100","options":[]},{"name":"Dur\u00e9e de performance","type":"checkbox","position":1,"required":false,"title_format":"label","default":"","description_enable":false,"description":"","placeholder_enable":false,"placeholder":"","display":"select","restrictions_type":"any_text","adjust_price":false,"price":"0","price_type":"flat_fee","restrictions":false,"min":"0","max":"0","options":[{"label":"Performance jusqu'\u00e0 la fin","price":"1000","price_type":"flat_fee","image":0}]},{"name":"S\u00e9lection musicale","type":"custom_textarea","position":2,"required":false,"title_format":"label","default":"","description_enable":true,"description":"Ajoutez vos morceaux pr\u00e9f\u00e9r\u00e9s, et je ferai de mon mieux pour honorer tous vos choix.","placeholder_enable":false,"placeholder":"","display":"select","restrictions_type":"any_text","adjust_price":false,"price":"0","price_type":"flat_fee","restrictions":true,"min":"0","max":"200","options":[]}],"acf":[],"_links":{"self":[{"href":"https:\/\/organexia.com\/fr\/wp-json\/wp\/v2\/product\/9938","targetHints":{"allow":["GET"]}}],"collection":[{"href":"https:\/\/organexia.com\/fr\/wp-json\/wp\/v2\/product"}],"about":[{"href":"https:\/\/organexia.com\/fr\/wp-json\/wp\/v2\/types\/product"}],"replies":[{"embeddable":true,"href":"https:\/\/organexia.com\/fr\/wp-json\/wp\/v2\/comments?post=9938"}],"wp:featuredmedia":[{"embeddable":true,"href":"https:\/\/organexia.com\/fr\/wp-json\/wp\/v2\/media\/9976"}],"wp:attachment":[{"href":"https:\/\/organexia.com\/fr\/wp-json\/wp\/v2\/media?parent=9938"}],"wp:term":[{"taxonomy":"store","embeddable":true,"href":"https:\/\/organexia.com\/fr\/wp-json\/wp\/v2\/store?post=9938"},{"taxonomy":"product_brand","embeddable":true,"href":"https:\/\/organexia.com\/fr\/wp-json\/wp\/v2\/product_brand?post=9938"},{"taxonomy":"product_cat","embeddable":true,"href":"https:\/\/organexia.com\/fr\/wp-json\/wp\/v2\/product_cat?post=9938"},{"taxonomy":"product_tag","embeddable":true,"href":"https:\/\/organexia.com\/fr\/wp-json\/wp\/v2\/product_tag?post=9938"}],"curies":[{"name":"wp","href":"https:\/\/api.w.org\/{rel}","templated":true}]}}